{"id":9231,"date":"2025-03-09T18:30:17","date_gmt":"2025-03-09T17:30:17","guid":{"rendered":"http:\/\/www.amis-des-arts.fr\/?page_id=9231"},"modified":"2026-01-14T18:30:37","modified_gmt":"2026-01-14T17:30:37","slug":"invite-dhonneur","status":"publish","type":"page","link":"http:\/\/www.amis-des-arts.fr\/?page_id=9231","title":{"rendered":"Invit\u00e9 d&rsquo;honneur salon 2025"},"content":{"rendered":"\n<p><strong>Maurice BERGER<\/strong><\/p>\n\n\n\n<p>N\u00e9 en 1954 et habitant \u00e0 St-Martin d\u2019Uriage, Maurice Berger est un sculpteur autodidacte dont la d\u00e9marche artistique s\u2019inscrit tout \u00e0 fait dans le monde contemporain.<\/p>\n\n\n\n<p>Il a tr\u00e8s t\u00f4t \u00e9t\u00e9 impressionn\u00e9, m\u00eame \u00ab&nbsp;fascin\u00e9&nbsp;\u00bb, par les accumulations d\u2019objets simples, usuels, voire insignifiants comme les bo\u00eetes \u00e0 boutons de sa m\u00e8re ou les objets r\u00e9cup\u00e9r\u00e9s sur les prisonniers des camps (dentiers, chaussures, valises\u2026). Son imaginaire s\u2019est alors rempli d\u2019id\u00e9es et d\u2019histoires extraordinaires.<\/p>\n\n\n\n<p>Et un jour, il d\u00e9cide de donner forme \u00e0 ses r\u00eaves en cr\u00e9ant avec pr\u00e9cision et dext\u00e9rit\u00e9 des \u0153uvres \u00e0 partir d\u2019accumulations d\u2019objets du quotidien, d\u00e9tourn\u00e9s de leur fonction premi\u00e8re. Il a \u00e9t\u00e9 encourag\u00e9 dans cette voie par l\u2019artiste Fran\u00e7ois Calvat dont les c\u00e9l\u00e8bres \u0153uvres ont quelque peu bouscul\u00e9 les rep\u00e8res artistiques.<\/p>\n\n\n\n<p>Actuellement, le mat\u00e9riau de pr\u00e9dilection de Maurice est l\u2019\u00e9pingle en acier \u00e0 la fois piquante, rigide et banale avec laquelle il r\u00e9ussit \u00e0 r\u00e9aliser des \u0153uvres pleines de l\u00e9g\u00e8ret\u00e9, de transparence et d\u2019\u00e9l\u00e9gance.<\/p>\n\n\n\n<p>Le samedi 12 avril, de 15h \u00e0 17h, Maurice BERGER propose un \u00e9change avec le public \u00ab&nbsp;question r\u00e9ponse&nbsp;\u00bb sur son art.<\/p>\n\n\n\n<p><\/p>\n\n\n\n<p><strong>Dans le hall d\u2019entr\u00e9e de la salle des f\u00eates, <\/strong><strong>l<\/strong>es associations<strong> Verre et Lumi\u00e8re <\/strong>de Voiron et<strong> Arts et cr\u00e9ation <\/strong>de Coublevie exposent leurs r\u00e9alisations et leurs savoir-faire.<\/p>\n","protected":false},"excerpt":{"rendered":"<p>Maurice BERGER N\u00e9 en 1954 et habitant \u00e0 St-Martin d\u2019Uriage, Maurice Berger est un sculpteur autodidacte dont la d\u00e9marche artistique s\u2019inscrit tout \u00e0 fait dans le monde contemporain. Il a tr\u00e8s t\u00f4t \u00e9t\u00e9 impressionn\u00e9, m\u00eame \u00ab&nbsp;fascin\u00e9&nbsp;\u00bb, par les accumulations d\u2019objets simples, usuels, voire insignifiants comme les bo\u00eetes \u00e0 boutons de sa m\u00e8re ou les objets &hellip; <a href=\"http:\/\/www.amis-des-arts.fr\/?page_id=9231\" class=\"more-link\">Continuer la lecture de <span class=\"screen-reader-text\">Invit\u00e9 d&rsquo;honneur salon 2025<\/span>  <span class=\"meta-nav\">&rarr;<\/span><\/a><\/p>\n","protected":false},"author":6,"featured_media":0,"parent":0,"menu_order":0,"comment_status":"closed","ping_status":"closed","template":"","meta":{"ngg_post_thumbnail":0,"footnotes":""},"class_list":["post-9231","page","type-page","status-publish","hentry"],"_links":{"self":[{"href":"http:\/\/www.amis-des-arts.fr\/index.php?rest_route=\/wp\/v2\/pages\/9231","targetHints":{"allow":["GET"]}}],"collection":[{"href":"http:\/\/www.amis-des-arts.fr\/index.php?rest_route=\/wp\/v2\/pages"}],"about":[{"href":"http:\/\/www.amis-des-arts.fr\/index.php?rest_route=\/wp\/v2\/types\/page"}],"author":[{"embeddable":true,"href":"http:\/\/www.amis-des-arts.fr\/index.php?rest_route=\/wp\/v2\/users\/6"}],"replies":[{"embeddable":true,"href":"http:\/\/www.amis-des-arts.fr\/index.php?rest_route=%2Fwp%2Fv2%2Fcomments&post=9231"}],"version-history":[{"count":2,"href":"http:\/\/www.amis-des-arts.fr\/index.php?rest_route=\/wp\/v2\/pages\/9231\/revisions"}],"predecessor-version":[{"id":9604,"href":"http:\/\/www.amis-des-arts.fr\/index.php?rest_route=\/wp\/v2\/pages\/9231\/revisions\/9604"}],"wp:attachment":[{"href":"http:\/\/www.amis-des-arts.fr\/index.php?rest_route=%2Fwp%2Fv2%2Fmedia&parent=9231"}],"curies":[{"name":"wp","href":"https:\/\/api.w.org\/{rel}","templated":true}]}}