{"id":7788,"date":"2023-01-23T19:55:42","date_gmt":"2023-01-23T18:55:42","guid":{"rendered":"http:\/\/www.amis-des-arts.fr\/?page_id=7788"},"modified":"2023-01-23T19:55:43","modified_gmt":"2023-01-23T18:55:43","slug":"invite-dhonneur-2023","status":"publish","type":"page","link":"http:\/\/www.amis-des-arts.fr\/?page_id=7788","title":{"rendered":"Invit\u00e9 d&rsquo;honneur 2023"},"content":{"rendered":"\n<p>Toutes les \u0153uvres de <strong>Pascal Borghi,<\/strong> expos\u00e9es dans de nombreuses  galeries,  sont en c\u00e9ramique ou en bronze et toutes nous interpellent car Pascal Borghi donne corps \u00e0 ses id\u00e9es en mettant en lumi\u00e8re \u00ab le corps \u00e9motionnel \u00bb. Ce sont des corps p\u00e9tris, tortur\u00e9s, meurtris, malmen\u00e9s voire morcel\u00e9s que nous d\u00e9couvrons. Difficile de rester insensible \u00e0 leurs cris de douleur ou \u00e0 leurs silencieux et laborieux mouvements de r\u00e9sistance mais leurs efforts semblent les d\u00e9livrer car, parfois, des ailes leur permettent de s\u2019envoler.<br>Pascal est un artiste engag\u00e9 qui nous d\u00e9livre ainsi un message de prise de conscience sur la fragilit\u00e9 humaine avec ses souffrances souvent ignor\u00e9es ou tues. Ne dit-il pas : \u00ab\u00a0 je travaille sur notre besoin insatiable de libert\u00e9 et nos contraintes et, dans ce paradoxe, sur les formes de r\u00e9sistance ou de n\u00e9vroses que nous pouvons nous cr\u00e9er \u00bb.<br>Pascal Borghi a r\u00e9cemment quitt\u00e9 la r\u00e9gion lyonnaise pour s\u2019installer dans le Gard, \u00e0 Moli\u00e8res sur C\u00e8ze.<br>Pascal Borghi proposera une d\u00e9monstration de modelage samedi 11 mars de 15 h \u00e0 16 h.<\/p>\n","protected":false},"excerpt":{"rendered":"<p>Toutes les \u0153uvres de Pascal Borghi, expos\u00e9es dans de nombreuses galeries, sont en c\u00e9ramique ou en bronze et toutes nous interpellent car Pascal Borghi donne corps \u00e0 ses id\u00e9es en mettant en lumi\u00e8re \u00ab le corps \u00e9motionnel \u00bb. Ce sont des corps p\u00e9tris, tortur\u00e9s, meurtris, malmen\u00e9s voire morcel\u00e9s que nous d\u00e9couvrons. Difficile de rester insensible &hellip; <a href=\"http:\/\/www.amis-des-arts.fr\/?page_id=7788\" class=\"more-link\">Continuer la lecture de <span class=\"screen-reader-text\">Invit\u00e9 d&rsquo;honneur 2023<\/span>  <span class=\"meta-nav\">&rarr;<\/span><\/a><\/p>\n","protected":false},"author":1,"featured_media":0,"parent":0,"menu_order":0,"comment_status":"closed","ping_status":"closed","template":"","meta":{"ngg_post_thumbnail":0,"footnotes":""},"class_list":["post-7788","page","type-page","status-publish","hentry"],"_links":{"self":[{"href":"http:\/\/www.amis-des-arts.fr\/index.php?rest_route=\/wp\/v2\/pages\/7788","targetHints":{"allow":["GET"]}}],"collection":[{"href":"http:\/\/www.amis-des-arts.fr\/index.php?rest_route=\/wp\/v2\/pages"}],"about":[{"href":"http:\/\/www.amis-des-arts.fr\/index.php?rest_route=\/wp\/v2\/types\/page"}],"author":[{"embeddable":true,"href":"http:\/\/www.amis-des-arts.fr\/index.php?rest_route=\/wp\/v2\/users\/1"}],"replies":[{"embeddable":true,"href":"http:\/\/www.amis-des-arts.fr\/index.php?rest_route=%2Fwp%2Fv2%2Fcomments&post=7788"}],"version-history":[{"count":1,"href":"http:\/\/www.amis-des-arts.fr\/index.php?rest_route=\/wp\/v2\/pages\/7788\/revisions"}],"predecessor-version":[{"id":7789,"href":"http:\/\/www.amis-des-arts.fr\/index.php?rest_route=\/wp\/v2\/pages\/7788\/revisions\/7789"}],"wp:attachment":[{"href":"http:\/\/www.amis-des-arts.fr\/index.php?rest_route=%2Fwp%2Fv2%2Fmedia&parent=7788"}],"curies":[{"name":"wp","href":"https:\/\/api.w.org\/{rel}","templated":true}]}}