{"id":7188,"date":"2022-02-23T17:53:51","date_gmt":"2022-02-23T16:53:51","guid":{"rendered":"http:\/\/www.amis-des-arts.fr\/?page_id=7188"},"modified":"2022-02-23T17:59:53","modified_gmt":"2022-02-23T16:59:53","slug":"invite-dhonneur-2022","status":"publish","type":"page","link":"http:\/\/www.amis-des-arts.fr\/?page_id=7188","title":{"rendered":"Invit\u00e9 d&rsquo;honneur 2022"},"content":{"rendered":"\n<div class=\"wp-block-image\"><figure class=\"aligncenter is-resized\"><img loading=\"lazy\" decoding=\"async\" src=\"http:\/\/www.amis-des-arts.fr\/wp-content\/uploads\/2022\/02\/PhotoJayet-1.jpg\" alt=\"\" class=\"wp-image-7193\" width=\"179\" height=\"199\"\/><\/figure><\/div>\n\n\n\n<p> Natif de Corbelin (en 1952), <strong>Maurice Jayet<\/strong> s\u2019adonne \u00e0 la peinture abstraite et en 1982, \u00e0 Grenoble, il fait sa premi\u00e8re exposition qui sera suivie de beaucoup d\u2019autres (en solo ou collective) en France et \u00e0 l\u2019\u00e9tranger: Il a \u00e9t\u00e9 membre actif de plusieurs collectifs d\u2019art contemporain et s\u2019est fait conna\u00eetre par ses participations et complicit\u00e9s avec le monde de la danse, de l\u2019\u00e9dition et de la musique. La peinture de Maurice Jayet interpelle par sa non-couleur, la force de l\u2019expression gestuelle, la spontan\u00e9it\u00e9, et aussi l\u2019\u00e9motion qui s\u2019en d\u00e9gage.<br>Sous une apparente simplicit\u00e9, en jouant avec les formes et le mouvement, la peinture de Maurice Jayet permet de se familiariser avec des atmosph\u00e8res et des ambiances, il suffit de laisser le regard faire son propre cheminement car c\u2019est une peinture ouverte et vivante qui peut trouver un \u00e9cho chez celui qui prend le risque de se laisser emporter. Et comme Maurice le dit si bien :<br>\u00ab Entrer dans ce territoire artistique en noir et blanc ne suppose aucun visa, ne demande aucun laissez-passer. Nul besoin de codes ou de r\u00e8gles pour p\u00e9n\u00e9trer cet univers abstrait, d&rsquo;une expression imm\u00e9diatement perceptible.\u00bb<br><strong>Le vendredi 18 mars 2022 \u00e0 18h Maurice Jayet proposera une performance artistique : il r\u00e9alisera une \u0153uvre en public accompagn\u00e9 d\u2019un saxophoniste.<\/strong><\/p>\n","protected":false},"excerpt":{"rendered":"<p>Natif de Corbelin (en 1952), Maurice Jayet s\u2019adonne \u00e0 la peinture abstraite et en 1982, \u00e0 Grenoble, il fait sa premi\u00e8re exposition qui sera suivie de beaucoup d\u2019autres (en solo ou collective) en France et \u00e0 l\u2019\u00e9tranger: Il a \u00e9t\u00e9 membre actif de plusieurs collectifs d\u2019art contemporain et s\u2019est fait conna\u00eetre par ses participations et &hellip; <a href=\"http:\/\/www.amis-des-arts.fr\/?page_id=7188\" class=\"more-link\">Continuer la lecture de <span class=\"screen-reader-text\">Invit\u00e9 d&rsquo;honneur 2022<\/span>  <span class=\"meta-nav\">&rarr;<\/span><\/a><\/p>\n","protected":false},"author":6,"featured_media":0,"parent":0,"menu_order":0,"comment_status":"closed","ping_status":"closed","template":"","meta":{"ngg_post_thumbnail":0,"footnotes":""},"class_list":["post-7188","page","type-page","status-publish","hentry"],"_links":{"self":[{"href":"http:\/\/www.amis-des-arts.fr\/index.php?rest_route=\/wp\/v2\/pages\/7188","targetHints":{"allow":["GET"]}}],"collection":[{"href":"http:\/\/www.amis-des-arts.fr\/index.php?rest_route=\/wp\/v2\/pages"}],"about":[{"href":"http:\/\/www.amis-des-arts.fr\/index.php?rest_route=\/wp\/v2\/types\/page"}],"author":[{"embeddable":true,"href":"http:\/\/www.amis-des-arts.fr\/index.php?rest_route=\/wp\/v2\/users\/6"}],"replies":[{"embeddable":true,"href":"http:\/\/www.amis-des-arts.fr\/index.php?rest_route=%2Fwp%2Fv2%2Fcomments&post=7188"}],"version-history":[{"count":5,"href":"http:\/\/www.amis-des-arts.fr\/index.php?rest_route=\/wp\/v2\/pages\/7188\/revisions"}],"predecessor-version":[{"id":7196,"href":"http:\/\/www.amis-des-arts.fr\/index.php?rest_route=\/wp\/v2\/pages\/7188\/revisions\/7196"}],"wp:attachment":[{"href":"http:\/\/www.amis-des-arts.fr\/index.php?rest_route=%2Fwp%2Fv2%2Fmedia&parent=7188"}],"curies":[{"name":"wp","href":"https:\/\/api.w.org\/{rel}","templated":true}]}}