{"id":6814,"date":"2021-03-05T11:03:03","date_gmt":"2021-03-05T10:03:03","guid":{"rendered":"http:\/\/www.amis-des-arts.fr\/?page_id=6814"},"modified":"2021-06-21T13:18:02","modified_gmt":"2021-06-21T12:18:02","slug":"invite-dhonneur-2021","status":"publish","type":"page","link":"http:\/\/www.amis-des-arts.fr\/?page_id=6814","title":{"rendered":"INVITE D&rsquo;HONNEUR 2021"},"content":{"rendered":"<p><span style=\"font-size: 10pt;\">C\u2019est avec tristesse que j\u2019ai appris le d\u00e9c\u00e8s de EBAN d\u00e9but mai.<br \/>\n<\/span><span style=\"font-size: 10pt;\">Il aurait d\u00fb \u00eatre notre invit\u00e9 d\u2019honneur pour le salon de 2020 et il a \u00e9t\u00e9 notre invit\u00e9 pour le salon 2021 en virtuel.<br \/>\n<\/span><span style=\"font-size: 10pt;\">J\u2019avais eu de nombreux contacts t\u00e9l\u00e9phoniques avec lui pour pr\u00e9parer ces salons, le dernier \u00e9tait en mars o\u00f9 nous avions convenu de nous recontact\u00e9 pendant l\u2019\u00e9t\u00e9 pour organiser un stage d\u2019aquarelle \u00e0 Voiron.<br \/>\n<\/span><span style=\"font-size: 10pt;\">C\u2019est un tr\u00e8s grand regret pour moi de n\u2019avoir pas pu le rencontrer.<br \/>\n<\/span><span style=\"font-size: 10pt;\">Lors de nos conversations t\u00e9l\u00e9phoniques il s\u2019est montr\u00e9 un homme ouvert, sensible et charmant. Nos discussions \u00e9taient pour moi un vrai et rare plaisir, que je n\u2019oublierai pas.<br \/>\n<\/span><span style=\"font-size: 10pt;\">D\u00e9couvrez son \u0153uvre sur son site internet.<br \/>\n<em>Marie No\u00eblle Gaujour<\/em><\/span><\/p>\n<p align=\"center\">\n<p class=\"western\" align=\"center\"><span style=\"font-family: 'Times New Roman', serif;\"><span style=\"font-size: large;\"><b>EBAN<\/b><\/span><\/span><\/p>\n<p class=\"western\" align=\"center\"><a href=\"http:\/\/www.amis-des-arts.fr\/wp-content\/uploads\/2021\/03\/Eban.jpg\" rel=\"attachment wp-att-6827\"><img loading=\"lazy\" decoding=\"async\" class=\"aligncenter wp-image-6827 size-thumbnail\" src=\"http:\/\/www.amis-des-arts.fr\/wp-content\/uploads\/2021\/03\/Eban-150x150.jpg\" alt=\"Eban\" width=\"150\" height=\"150\" \/><\/a><\/p>\n<p><span style=\"font-family: 'Times New Roman', serif;\"><i>Eban est n\u00e9 au Vietnam en 1954 d\u2019une m\u00e8re issue d\u2019une tribu de l\u2019ancienne Indochine\u00a0: les \u00cades et d\u2019un p\u00e8re fran\u00e7ais, il arrive en France \u00e0 l\u2019\u00e2ge de 9 ans.\u00a0Apr\u00e8s des \u00e9tudes de graphisme \u00e0 Bordeaux et la pratique de sports \u00e0 un haut niveau (d\u00e9cathlon, perche, javelot\u2026) il choisit de se consacrer enti\u00e8rement \u00e0 sa passion\u00a0: la peinture.<\/i><\/span><\/p>\n<p class=\"western\"><span style=\"font-family: 'Times New Roman', serif;\"><i>Eban trouve ainsi le moyen d\u2019exprimer ses ressentis, de d\u00e9couvrir des chemins inexplor\u00e9s, de laisser une trace en lien avec son histoire. Il donne corps \u00e0 ses r\u00eaves empreints des r\u00e9alit\u00e9s v\u00e9g\u00e9tales et min\u00e9rales qui l\u2019entourent.<br \/>\nA l\u2019aquarelle, \u00e0 l\u2019encre ou \u00e0 l\u2019acrylique, ses r\u00e9alisations se situent dans l\u2019abstraction lyrique et \u00e0 la rencontre de deux cultures, asiatique et europ\u00e9enne\u00a0; l\u2019\u00e9criture pr\u00e9cise et d\u00e9licate plut\u00f4t monochrome c\u00f4toie le geste plus libre, ample et instinctif des masses color\u00e9es. C\u2019est pour lui comme un vagabondage sur la toile, avec une grande libert\u00e9 de mouvement mais toujours en respectant le Ying et le Yang. Coloriste, peintre de l\u2019instant, il laisse passer ses \u00e9motions mais la composition et l\u2019harmonie des couleurs restent essentielles. A propos du processus cr\u00e9atif, il \u00e9crit\u00a0:<br \/>\n<\/i><\/span><span style=\"font-family: 'Times New Roman', serif;\"><i><b>\u00ab\u00a0Le pinceau trace le chemin que la couleur \u00e9claire et l\u2019eau indique la route \u00e0 suivre\u00a0: versatile, elle va et vient, navigue et s\u2019arr\u00eate o\u00f9 elle veut.\u00a0\u00bb<br \/>\n<\/b><\/i><\/span><span style=\"font-family: 'Times New Roman', serif;\"><i>Car Eban est aussi \u00e9crivain po\u00e8te, il a publi\u00e9 plusieurs ouvrages dans lesquels il associe aquarelles et po\u00e8mes, a particip\u00e9 \u00e0 des festivals et salons du livre en France et \u00e0 l\u2019\u00e9tranger. Mais il ne se consid\u00e8re pas \u00e9crivain, plut\u00f4t passeur de r\u00eaves\u00a0et de r\u00e9cits de ses nombreux voyages \u00e0 travers le monde.<br \/>\nEban a fait de multiples expositions en solo ou en groupe, a \u00e9t\u00e9 plusieurs fois s\u00e9lectionn\u00e9 au salon d\u2019aquarelle de Namur en Belgique, \u00e9v\u00e8nement majeur en Europe. Il est membre de la fondation Taylor. Ses \u0153uvres sont expos\u00e9es en permanence dans des galeries renomm\u00e9es\u00a0: \u00e0 Barbizon (Besharat Gallery) mais \u00e9galement \u00e0 Taipei, Atlanta, Bruxelles\u2026<br \/>\nPar ailleurs, il a gard\u00e9 de son enfance vietnamienne v\u00e9cue en communaut\u00e9, le go\u00fbt du partage, de l\u2019entraide, il aime animer des ateliers o\u00f9 chacun peut d\u00e9couvrir et emprunter des voies picturales personnelles et enrichissantes.<\/i><\/span><\/p>\n<p class=\"western\"><span style=\"font-family: 'Times New Roman', serif;\"><i>Comme le dit Michel B\u00e9nard (laur\u00e9at de l\u2019Acad\u00e9mie fran\u00e7aise)\u00a0:\u00a0<\/i><\/span><span style=\"font-family: 'Times New Roman', serif;\"><i><b>\u00ab\u00a0L\u2019art est un long chemin de silence qui donne \u00e0 l\u2019homme les cl\u00e9s d\u2019acc\u00e8s \u00e0 sa m\u00e9tamorphose\u00a0\u00bb<\/b><\/i><\/span><\/p>\n<hr \/>\n<p class=\"western\"><p>Invalid Displayed Gallery<\/p><\/p>\n<p class=\"western\">Pour toute information compl\u00e9mentaire concernant les dimensions et le prix des \u0153uvres merci de contacter Eban.<\/p>\n<p class=\"western\">\u00a0<a href=\"mailto:ebanpeintre@gmail.com\" target=\"_blank\" rel=\"noopener noreferrer\">ebanpeintre@gmail.com<\/a><\/p>\n","protected":false},"excerpt":{"rendered":"<p>C\u2019est avec tristesse que j\u2019ai appris le d\u00e9c\u00e8s de EBAN d\u00e9but mai. Il aurait d\u00fb \u00eatre notre invit\u00e9 d\u2019honneur pour le salon de 2020 et il a \u00e9t\u00e9 notre invit\u00e9 pour le salon 2021 en virtuel. J\u2019avais eu de nombreux contacts t\u00e9l\u00e9phoniques avec lui pour pr\u00e9parer ces salons, le dernier \u00e9tait en mars o\u00f9 nous &hellip; <a href=\"http:\/\/www.amis-des-arts.fr\/?page_id=6814\" class=\"more-link\">Continuer la lecture de <span class=\"screen-reader-text\">INVITE D&rsquo;HONNEUR 2021<\/span>  <span class=\"meta-nav\">&rarr;<\/span><\/a><\/p>\n","protected":false},"author":1,"featured_media":0,"parent":0,"menu_order":0,"comment_status":"closed","ping_status":"closed","template":"","meta":{"ngg_post_thumbnail":0,"footnotes":""},"class_list":["post-6814","page","type-page","status-publish","hentry"],"_links":{"self":[{"href":"http:\/\/www.amis-des-arts.fr\/index.php?rest_route=\/wp\/v2\/pages\/6814","targetHints":{"allow":["GET"]}}],"collection":[{"href":"http:\/\/www.amis-des-arts.fr\/index.php?rest_route=\/wp\/v2\/pages"}],"about":[{"href":"http:\/\/www.amis-des-arts.fr\/index.php?rest_route=\/wp\/v2\/types\/page"}],"author":[{"embeddable":true,"href":"http:\/\/www.amis-des-arts.fr\/index.php?rest_route=\/wp\/v2\/users\/1"}],"replies":[{"embeddable":true,"href":"http:\/\/www.amis-des-arts.fr\/index.php?rest_route=%2Fwp%2Fv2%2Fcomments&post=6814"}],"version-history":[{"count":11,"href":"http:\/\/www.amis-des-arts.fr\/index.php?rest_route=\/wp\/v2\/pages\/6814\/revisions"}],"predecessor-version":[{"id":6957,"href":"http:\/\/www.amis-des-arts.fr\/index.php?rest_route=\/wp\/v2\/pages\/6814\/revisions\/6957"}],"wp:attachment":[{"href":"http:\/\/www.amis-des-arts.fr\/index.php?rest_route=%2Fwp%2Fv2%2Fmedia&parent=6814"}],"curies":[{"name":"wp","href":"https:\/\/api.w.org\/{rel}","templated":true}]}}