{"id":547,"date":"2014-02-11T10:34:00","date_gmt":"2014-02-11T09:34:00","guid":{"rendered":"http:\/\/www.amis-des-arts.fr\/?page_id=547"},"modified":"2014-02-17T10:29:48","modified_gmt":"2014-02-17T09:29:48","slug":"salon-2014","status":"publish","type":"page","link":"http:\/\/www.amis-des-arts.fr\/?page_id=547","title":{"rendered":"Salon 2014"},"content":{"rendered":"<p style=\"text-align: center;\"><strong><span style=\"font-size: 22px;\">43e SALON DES AMIS DES ARTS \u00a0DE VOIRON<\/span><\/strong><\/p>\n<p style=\"text-align: center;\"><span style=\"font-size: 20px;\"><strong>PEINTURE &#8211; SCULPTURE<\/strong><\/span><\/p>\n<p style=\"text-align: center;\"><a href=\"http:\/\/www.amis-des-arts.fr\/wp-content\/uploads\/2014\/02\/photo-RJ-affiche.jpg\"><img loading=\"lazy\" decoding=\"async\" class=\"aligncenter size-full wp-image-548\" alt=\"photo RJ affiche\" src=\"http:\/\/www.amis-des-arts.fr\/wp-content\/uploads\/2014\/02\/photo-RJ-affiche.jpg\" width=\"404\" height=\"600\" srcset=\"http:\/\/www.amis-des-arts.fr\/wp-content\/uploads\/2014\/02\/photo-RJ-affiche.jpg 404w, http:\/\/www.amis-des-arts.fr\/wp-content\/uploads\/2014\/02\/photo-RJ-affiche-202x300.jpg 202w\" sizes=\"auto, (max-width: 404px) 100vw, 404px\" \/><\/a><\/p>\n<p style=\"text-align: center;\"><strong>Invit\u00e9 d\u2019honneur : \u00a0Le Sculpteur\u00a0Robert Jayet<\/strong><br \/>\nSalle des F\u00eates de Voiron<br \/>\nDu 12 au 22 mars 2014<br \/>\nOuvert tous les jours, de 14h \u00e0 19h<br \/>\nAvec dans le hall d\u2019entr\u00e9e :<br \/>\nExposition de dentelles et costumes de sc\u00e8ne<\/p>\n<p style=\"text-align: center;\"><strong>Plus de 40 artistes pr\u00e9senteront leurs \u0153uvres r\u00e9alis\u00e9es selon des techniques et des styles tr\u00e8s vari\u00e9s<\/strong><\/p>\n<p>L\u2019invit\u00e9 d\u2019honneur est cette ann\u00e9e Robert Jayet<br \/>\nDepuis pr\u00e8s de cinquante ann\u00e9es, Robert Jayet s\u2019exprime au travers des techniques de la m\u00e9tallurgie. Son univers artistique est peupl\u00e9 d\u2019insectes, d\u2019oiseaux et de hautes silhouettes filiformes.<\/p>\n<p><strong>Dentelles :<\/strong><br \/>\nLe Couvige des Gentianes Bleues ,<br \/>\nLes Ateliers de Danse, Musique et Arts Traditionnels,<br \/>\nLe Carrefour des Arts Traditionnels<br \/>\net Christelle Brunet exposent leurs dentelles au fuseau.<br \/>\nTout est permis, du traditionnel au contemporain.<br \/>\n<div id='gallery-1' class='gallery galleryid-547 gallery-columns-3 gallery-size-thumbnail'><figure class='gallery-item'>\n\t\t\t<div class='gallery-icon portrait'>\n\t\t\t\t<a href='http:\/\/www.amis-des-arts.fr\/?attachment_id=550'><img loading=\"lazy\" decoding=\"async\" width=\"150\" height=\"150\" src=\"http:\/\/www.amis-des-arts.fr\/wp-content\/uploads\/2014\/02\/carrefour-des-arts-trad-2-150x150.jpg\" class=\"attachment-thumbnail size-thumbnail\" alt=\"\" aria-describedby=\"gallery-1-550\" \/><\/a>\n\t\t\t<\/div>\n\t\t\t\t<figcaption class='wp-caption-text gallery-caption' id='gallery-1-550'>\n\t\t\t\tCarrefour des Arts traditionnels\n\t\t\t\t<\/figcaption><\/figure><figure class='gallery-item'>\n\t\t\t<div class='gallery-icon landscape'>\n\t\t\t\t<a href='http:\/\/www.amis-des-arts.fr\/?attachment_id=551'><img loading=\"lazy\" decoding=\"async\" width=\"150\" height=\"150\" src=\"http:\/\/www.amis-des-arts.fr\/wp-content\/uploads\/2014\/02\/dentelle-chirens-2-150x150.jpg\" class=\"attachment-thumbnail size-thumbnail\" alt=\"\" aria-describedby=\"gallery-1-551\" \/><\/a>\n\t\t\t<\/div>\n\t\t\t\t<figcaption class='wp-caption-text gallery-caption' id='gallery-1-551'>\n\t\t\t\tCouvige des Gentianes Bleues\n\t\t\t\t<\/figcaption><\/figure>\n\t\t<\/div>\n<\/p>\n<p><strong>Costumes de sc\u00e8ne<\/strong><br \/>\nLa Marotte s&rsquo;occupe de faire vivre le costume de sc\u00e8ne sous toutes ses formes, notamment : savoir faire, outil de travail et patrimoine.<br \/>\nLa Marotte se propose de valoriser les fonds de costumes existants, de leur redonner une visibilit\u00e9 \u00e0 travers des \u00e9v\u00e9nements et des actions p\u00e9dagogiques<br \/>\n<a href=\"http:\/\/www.amis-des-arts.fr\/wp-content\/uploads\/2014\/02\/photo-costume.jpg\"><img loading=\"lazy\" decoding=\"async\" class=\"aligncenter size-full wp-image-552\" alt=\"photo costume\" src=\"http:\/\/www.amis-des-arts.fr\/wp-content\/uploads\/2014\/02\/photo-costume.jpg\" width=\"188\" height=\"250\" \/><\/a><\/p>\n<p>&nbsp;<\/p>\n<p>&nbsp;<\/p>\n","protected":false},"excerpt":{"rendered":"<p>43e SALON DES AMIS DES ARTS \u00a0DE VOIRON PEINTURE &#8211; SCULPTURE Invit\u00e9 d\u2019honneur : \u00a0Le Sculpteur\u00a0Robert Jayet Salle des F\u00eates de Voiron Du 12 au 22 mars 2014 Ouvert tous les jours, de 14h \u00e0 19h Avec dans le hall d\u2019entr\u00e9e : Exposition de dentelles et costumes de sc\u00e8ne Plus de 40 artistes pr\u00e9senteront leurs &hellip; <a href=\"http:\/\/www.amis-des-arts.fr\/?page_id=547\" class=\"more-link\">Continuer la lecture de <span class=\"screen-reader-text\">Salon 2014<\/span>  <span class=\"meta-nav\">&rarr;<\/span><\/a><\/p>\n","protected":false},"author":1,"featured_media":0,"parent":0,"menu_order":0,"comment_status":"closed","ping_status":"closed","template":"","meta":{"ngg_post_thumbnail":0,"footnotes":""},"class_list":["post-547","page","type-page","status-publish","hentry"],"_links":{"self":[{"href":"http:\/\/www.amis-des-arts.fr\/index.php?rest_route=\/wp\/v2\/pages\/547","targetHints":{"allow":["GET"]}}],"collection":[{"href":"http:\/\/www.amis-des-arts.fr\/index.php?rest_route=\/wp\/v2\/pages"}],"about":[{"href":"http:\/\/www.amis-des-arts.fr\/index.php?rest_route=\/wp\/v2\/types\/page"}],"author":[{"embeddable":true,"href":"http:\/\/www.amis-des-arts.fr\/index.php?rest_route=\/wp\/v2\/users\/1"}],"replies":[{"embeddable":true,"href":"http:\/\/www.amis-des-arts.fr\/index.php?rest_route=%2Fwp%2Fv2%2Fcomments&post=547"}],"version-history":[{"count":3,"href":"http:\/\/www.amis-des-arts.fr\/index.php?rest_route=\/wp\/v2\/pages\/547\/revisions"}],"predecessor-version":[{"id":1569,"href":"http:\/\/www.amis-des-arts.fr\/index.php?rest_route=\/wp\/v2\/pages\/547\/revisions\/1569"}],"wp:attachment":[{"href":"http:\/\/www.amis-des-arts.fr\/index.php?rest_route=%2Fwp%2Fv2%2Fmedia&parent=547"}],"curies":[{"name":"wp","href":"https:\/\/api.w.org\/{rel}","templated":true}]}}