{"id":4945,"date":"2018-12-27T09:59:37","date_gmt":"2018-12-27T08:59:37","guid":{"rendered":"http:\/\/www.amis-des-arts.fr\/?page_id=4945"},"modified":"2018-12-27T09:59:37","modified_gmt":"2018-12-27T08:59:37","slug":"marche-2017-2","status":"publish","type":"page","link":"http:\/\/www.amis-des-arts.fr\/?page_id=4945","title":{"rendered":"March\u00e9 2017"},"content":{"rendered":"<p>Le 27 mai 2017 les artiste de Amis des arts de Voiron ont propos\u00e9 leurs \u0153uvres dans les rue pi\u00e9tonnes de Voiron lors de leur march\u00e9 de peintres et sculpteurs annuel.<\/p>\n<p><!-- index.php -->\n<div\n\tclass=\"ngg-galleryoverview\n\t ngg-ajax-pagination-none\t\"\n\tid=\"ngg-gallery-5ca5f5c1b68e9e6c072b0a2d78fa9453-1\">\n\n\t\t<div class=\"slideshowlink\">\n\t\t<a href='http:\/\/www.amis-des-arts.fr\/index.php\/nggallery\/slideshow?page_id=4945'>[Show slideshow]<\/a>\n\n\t<\/div>\n\t\t\t<!-- Thumbnails -->\n\t\t\t\t<div id=\"ngg-image-0\" class=\"ngg-gallery-thumbnail-box\"\n\t\t\t\t\t\t\t\t\t\t\t>\n\t\t\t\t\t\t<div class=\"ngg-gallery-thumbnail\">\n\t\t\t<a href=\"http:\/\/www.amis-des-arts.fr\/wp-content\/gallery\/marche-2017\/Marche-ADA-2017.jpg\"\n\t\t\t\ttitle=\"\"\n\t\t\t\tdata-src=\"http:\/\/www.amis-des-arts.fr\/wp-content\/gallery\/marche-2017\/Marche-ADA-2017.jpg\"\n\t\t\t\tdata-thumbnail=\"http:\/\/www.amis-des-arts.fr\/wp-content\/gallery\/marche-2017\/thumbs\/thumbs_Marche-ADA-2017.jpg\"\n\t\t\t\tdata-image-id=\"562\"\n\t\t\t\tdata-title=\"Marche  ADA 2017.jpg\"\n\t\t\t\tdata-description=\"\"\n\t\t\t\tdata-image-slug=\"marche-ada-2017-jpg\"\n\t\t\t\tclass=\"ngg-fancybox\" rel=\"5ca5f5c1b68e9e6c072b0a2d78fa9453\">\n\t\t\t\t<img\n\t\t\t\t\ttitle=\"Marche  ADA 2017.jpg\"\n\t\t\t\t\talt=\"Marche  ADA 2017.jpg\"\n\t\t\t\t\tsrc=\"http:\/\/www.amis-des-arts.fr\/wp-content\/gallery\/marche-2017\/cache\/Marche-ADA-2017.jpg-nggid03562-ngg0dyn-120x90x100-00f0w010c011r110f110r010t010.jpg\"\n\t\t\t\t\twidth=\"120\"\n\t\t\t\t\theight=\"90\"\n\t\t\t\t\tstyle=\"max-width:100%;\"\n\t\t\t\t\/>\n\t\t\t<\/a>\n\t\t<\/div>\n\t\t\t\t\t\t\t<\/div>\n\t\t\t\n\t\t\n\t\t\t\t<div id=\"ngg-image-1\" class=\"ngg-gallery-thumbnail-box\"\n\t\t\t\t\t\t\t\t\t\t\t>\n\t\t\t\t\t\t<div class=\"ngg-gallery-thumbnail\">\n\t\t\t<a href=\"http:\/\/www.amis-des-arts.fr\/wp-content\/gallery\/marche-2017\/Marche-1-ADA-2017.jpg\"\n\t\t\t\ttitle=\"\"\n\t\t\t\tdata-src=\"http:\/\/www.amis-des-arts.fr\/wp-content\/gallery\/marche-2017\/Marche-1-ADA-2017.jpg\"\n\t\t\t\tdata-thumbnail=\"http:\/\/www.amis-des-arts.fr\/wp-content\/gallery\/marche-2017\/thumbs\/thumbs_Marche-1-ADA-2017.jpg\"\n\t\t\t\tdata-image-id=\"563\"\n\t\t\t\tdata-title=\"Marche 1 ADA 2017.jpg\"\n\t\t\t\tdata-description=\"\"\n\t\t\t\tdata-image-slug=\"marche-1-ada-2017-jpg\"\n\t\t\t\tclass=\"ngg-fancybox\" rel=\"5ca5f5c1b68e9e6c072b0a2d78fa9453\">\n\t\t\t\t<img\n\t\t\t\t\ttitle=\"Marche 1 ADA 2017.jpg\"\n\t\t\t\t\talt=\"Marche 1 ADA 2017.jpg\"\n\t\t\t\t\tsrc=\"http:\/\/www.amis-des-arts.fr\/wp-content\/gallery\/marche-2017\/cache\/Marche-1-ADA-2017.jpg-nggid03563-ngg0dyn-120x90x100-00f0w010c011r110f110r010t010.jpg\"\n\t\t\t\t\twidth=\"120\"\n\t\t\t\t\theight=\"90\"\n\t\t\t\t\tstyle=\"max-width:100%;\"\n\t\t\t\t\/>\n\t\t\t<\/a>\n\t\t<\/div>\n\t\t\t\t\t\t\t<\/div>\n\t\t\t\n\t\t\n\t\t\t\t<div id=\"ngg-image-2\" class=\"ngg-gallery-thumbnail-box\"\n\t\t\t\t\t\t\t\t\t\t\t>\n\t\t\t\t\t\t<div class=\"ngg-gallery-thumbnail\">\n\t\t\t<a href=\"http:\/\/www.amis-des-arts.fr\/wp-content\/gallery\/marche-2017\/March%C3%A9-2-ADA-2017.jpg\"\n\t\t\t\ttitle=\"\"\n\t\t\t\tdata-src=\"http:\/\/www.amis-des-arts.fr\/wp-content\/gallery\/marche-2017\/March%C3%A9-2-ADA-2017.jpg\"\n\t\t\t\tdata-thumbnail=\"http:\/\/www.amis-des-arts.fr\/wp-content\/gallery\/marche-2017\/thumbs\/thumbs_March%C3%A9-2-ADA-2017.jpg\"\n\t\t\t\tdata-image-id=\"564\"\n\t\t\t\tdata-title=\"March\u00e9 2 ADA 2017.jpg\"\n\t\t\t\tdata-description=\"\"\n\t\t\t\tdata-image-slug=\"march%c3%a9-2-ada-2017-jpg\"\n\t\t\t\tclass=\"ngg-fancybox\" rel=\"5ca5f5c1b68e9e6c072b0a2d78fa9453\">\n\t\t\t\t<img\n\t\t\t\t\ttitle=\"March\u00e9 2 ADA 2017.jpg\"\n\t\t\t\t\talt=\"March\u00e9 2 ADA 2017.jpg\"\n\t\t\t\t\tsrc=\"http:\/\/www.amis-des-arts.fr\/wp-content\/gallery\/marche-2017\/cache\/March%C3%A9-2-ADA-2017.jpg-nggid03564-ngg0dyn-120x90x100-00f0w010c011r110f110r010t010.jpg\"\n\t\t\t\t\twidth=\"120\"\n\t\t\t\t\theight=\"90\"\n\t\t\t\t\tstyle=\"max-width:100%;\"\n\t\t\t\t\/>\n\t\t\t<\/a>\n\t\t<\/div>\n\t\t\t\t\t\t\t<\/div>\n\t\t\t\n\t\t\n\t\t\t\t<div id=\"ngg-image-3\" class=\"ngg-gallery-thumbnail-box\"\n\t\t\t\t\t\t\t\t\t\t\t>\n\t\t\t\t\t\t<div class=\"ngg-gallery-thumbnail\">\n\t\t\t<a href=\"http:\/\/www.amis-des-arts.fr\/wp-content\/gallery\/marche-2017\/March%C3%A9-4-ADA-2017.jpg\"\n\t\t\t\ttitle=\"\"\n\t\t\t\tdata-src=\"http:\/\/www.amis-des-arts.fr\/wp-content\/gallery\/marche-2017\/March%C3%A9-4-ADA-2017.jpg\"\n\t\t\t\tdata-thumbnail=\"http:\/\/www.amis-des-arts.fr\/wp-content\/gallery\/marche-2017\/thumbs\/thumbs_March%C3%A9-4-ADA-2017.jpg\"\n\t\t\t\tdata-image-id=\"565\"\n\t\t\t\tdata-title=\"March\u00e9 4 ADA 2017.jpg\"\n\t\t\t\tdata-description=\"\"\n\t\t\t\tdata-image-slug=\"march%c3%a9-4-ada-2017-jpg\"\n\t\t\t\tclass=\"ngg-fancybox\" rel=\"5ca5f5c1b68e9e6c072b0a2d78fa9453\">\n\t\t\t\t<img\n\t\t\t\t\ttitle=\"March\u00e9 4 ADA 2017.jpg\"\n\t\t\t\t\talt=\"March\u00e9 4 ADA 2017.jpg\"\n\t\t\t\t\tsrc=\"http:\/\/www.amis-des-arts.fr\/wp-content\/gallery\/marche-2017\/cache\/March%C3%A9-4-ADA-2017.jpg-nggid03565-ngg0dyn-120x90x100-00f0w010c011r110f110r010t010.jpg\"\n\t\t\t\t\twidth=\"120\"\n\t\t\t\t\theight=\"90\"\n\t\t\t\t\tstyle=\"max-width:100%;\"\n\t\t\t\t\/>\n\t\t\t<\/a>\n\t\t<\/div>\n\t\t\t\t\t\t\t<\/div>\n\t\t\t\n\t\t\n\t\t\n\t\t<!-- Pagination -->\n\t\t<div class='ngg-clear'><\/div>\t<\/div>\n<\/p>\n","protected":false},"excerpt":{"rendered":"<p>Le 27 mai 2017 les artiste de Amis des arts de Voiron ont propos\u00e9 leurs \u0153uvres dans les rue pi\u00e9tonnes de Voiron lors de leur march\u00e9 de peintres et sculpteurs annuel. [Show slideshow]<\/p>\n","protected":false},"author":1,"featured_media":0,"parent":0,"menu_order":0,"comment_status":"closed","ping_status":"closed","template":"","meta":{"ngg_post_thumbnail":0,"footnotes":""},"class_list":["post-4945","page","type-page","status-publish","hentry"],"_links":{"self":[{"href":"http:\/\/www.amis-des-arts.fr\/index.php?rest_route=\/wp\/v2\/pages\/4945","targetHints":{"allow":["GET"]}}],"collection":[{"href":"http:\/\/www.amis-des-arts.fr\/index.php?rest_route=\/wp\/v2\/pages"}],"about":[{"href":"http:\/\/www.amis-des-arts.fr\/index.php?rest_route=\/wp\/v2\/types\/page"}],"author":[{"embeddable":true,"href":"http:\/\/www.amis-des-arts.fr\/index.php?rest_route=\/wp\/v2\/users\/1"}],"replies":[{"embeddable":true,"href":"http:\/\/www.amis-des-arts.fr\/index.php?rest_route=%2Fwp%2Fv2%2Fcomments&post=4945"}],"version-history":[{"count":1,"href":"http:\/\/www.amis-des-arts.fr\/index.php?rest_route=\/wp\/v2\/pages\/4945\/revisions"}],"predecessor-version":[{"id":4947,"href":"http:\/\/www.amis-des-arts.fr\/index.php?rest_route=\/wp\/v2\/pages\/4945\/revisions\/4947"}],"wp:attachment":[{"href":"http:\/\/www.amis-des-arts.fr\/index.php?rest_route=%2Fwp%2Fv2%2Fmedia&parent=4945"}],"curies":[{"name":"wp","href":"https:\/\/api.w.org\/{rel}","templated":true}]}}