{"id":29,"date":"2013-12-08T11:22:28","date_gmt":"2013-12-08T10:22:28","guid":{"rendered":"http:\/\/www.amis-des-arts.fr\/?page_id=29"},"modified":"2014-02-15T19:21:30","modified_gmt":"2014-02-15T18:21:30","slug":"salon-2013","status":"publish","type":"page","link":"http:\/\/www.amis-des-arts.fr\/?page_id=29","title":{"rendered":"Salon 2013"},"content":{"rendered":"<p style=\"text-align: center;\"><span style=\"font-size: 22px;\">Salon 2013<\/span><\/p>\n<p style=\"text-align: center;\"><span style=\"font-family: 'times new roman', times; line-height: 1.5;\">Du 20 au 30 mars 2013 lors du 42\u00e8me salon de peinture et sculpture, plus de 80 artistes pr\u00e9sentent leurs \u0153uvres r\u00e9alis\u00e9es selon des techniques et des styles tr\u00e8s vari\u00e9s\u00a0<\/span><\/p>\n<h1><span style=\"font-family: 'times new roman', times; font-size: 16px;\">L\u2019invit\u00e9e d\u2019honneur est cette ann\u00e9e Christine Cr\u00e9halet<\/span><\/h1>\n<p><span style=\"font-family: 'times new roman', times; font-size: 16px;\">Christine Cr\u00e9halet vit actuellement dans le Limousin. Issue d\u2019une famille de voyageurs, elle est n\u00e9e au Mali, monde riche en couleurs. Comment ne pas voir l\u00e0 un clin d\u2019\u0153il \u00e0 cette passion pour la peinture qui allait envahir sa vie ?<br \/>\n<\/span><span style=\"font-family: 'times new roman', times; font-size: 16px;\">Avec \u00e9l\u00e9gance et une grande subtilit\u00e9, elle nous transporte dans des paysages o\u00f9 l\u2019on ressent la lumi\u00e8re, le vent, le mouvement et m\u00eame les parfums. Tout en douceur, dans les aquarelles r\u00e9alis\u00e9es au retour d\u2019un voyage en Chine, elle nous livre ses \u00e9motions devant le spectacle de la nature.<\/span><\/p>\n<h1><span style=\"font-family: 'times new roman', times; font-size: 16px;\">Reliure : <\/span><\/h1>\n<p><span style=\"font-family: 'times new roman', times; font-size: 16px;\">Ren\u00e9e Charpentier, nous pr\u00e9sente les diff\u00e9rentes techniques utilis\u00e9es pour redonner de la valeur aux livres anciens : Bradel, Cuir, Plats rapport\u00e9s\u2026<\/span><\/p>\n<h1><span style=\"font-family: 'times new roman', times; font-size: 16px;\">Calligraphie :<\/span><\/h1>\n<p><span style=\"font-family: 'times new roman', times; font-size: 16px;\">Blandine Arnaud pr\u00e9sente la calligraphie occidentale qu\u2019elle a d\u00e9couverte apr\u00e8s ses \u00e9tudes en Arts Appliqu\u00e9s.<\/span><\/p>\n<p><span style=\"font-family: 'times new roman', times; font-size: 16px;\">Bruno Gripari pr\u00e9sente des calligraphies chinoises et mongoles, laque 40 couches, pigments min\u00e9raux et feuille d\u2019or.<\/span><\/p>\n<p><span style=\"font-family: 'times new roman', times; font-size: 16px;\">Fouad Al Katrib est calligraphe syrien, professeur d&rsquo;arabe et de civilisation arabo-musulmane \u00e0 Grenoble<\/span><\/p>\n","protected":false},"excerpt":{"rendered":"<p>Salon 2013 Du 20 au 30 mars 2013 lors du 42\u00e8me salon de peinture et sculpture, plus de 80 artistes pr\u00e9sentent leurs \u0153uvres r\u00e9alis\u00e9es selon des techniques et des styles tr\u00e8s vari\u00e9s\u00a0 L\u2019invit\u00e9e d\u2019honneur est cette ann\u00e9e Christine Cr\u00e9halet Christine Cr\u00e9halet vit actuellement dans le Limousin. Issue d\u2019une famille de voyageurs, elle est n\u00e9e au &hellip; <a href=\"http:\/\/www.amis-des-arts.fr\/?page_id=29\" class=\"more-link\">Continuer la lecture de <span class=\"screen-reader-text\">Salon 2013<\/span>  <span class=\"meta-nav\">&rarr;<\/span><\/a><\/p>\n","protected":false},"author":1,"featured_media":527,"parent":0,"menu_order":0,"comment_status":"closed","ping_status":"closed","template":"","meta":{"ngg_post_thumbnail":0,"footnotes":""},"class_list":["post-29","page","type-page","status-publish","has-post-thumbnail","hentry"],"_links":{"self":[{"href":"http:\/\/www.amis-des-arts.fr\/index.php?rest_route=\/wp\/v2\/pages\/29","targetHints":{"allow":["GET"]}}],"collection":[{"href":"http:\/\/www.amis-des-arts.fr\/index.php?rest_route=\/wp\/v2\/pages"}],"about":[{"href":"http:\/\/www.amis-des-arts.fr\/index.php?rest_route=\/wp\/v2\/types\/page"}],"author":[{"embeddable":true,"href":"http:\/\/www.amis-des-arts.fr\/index.php?rest_route=\/wp\/v2\/users\/1"}],"replies":[{"embeddable":true,"href":"http:\/\/www.amis-des-arts.fr\/index.php?rest_route=%2Fwp%2Fv2%2Fcomments&post=29"}],"version-history":[{"count":21,"href":"http:\/\/www.amis-des-arts.fr\/index.php?rest_route=\/wp\/v2\/pages\/29\/revisions"}],"predecessor-version":[{"id":734,"href":"http:\/\/www.amis-des-arts.fr\/index.php?rest_route=\/wp\/v2\/pages\/29\/revisions\/734"}],"wp:featuredmedia":[{"embeddable":true,"href":"http:\/\/www.amis-des-arts.fr\/index.php?rest_route=\/wp\/v2\/media\/527"}],"wp:attachment":[{"href":"http:\/\/www.amis-des-arts.fr\/index.php?rest_route=%2Fwp%2Fv2%2Fmedia&parent=29"}],"curies":[{"name":"wp","href":"https:\/\/api.w.org\/{rel}","templated":true}]}}