{"id":2295,"date":"2016-02-14T10:50:59","date_gmt":"2016-02-14T09:50:59","guid":{"rendered":"http:\/\/www.amis-des-arts.fr\/?page_id=2295"},"modified":"2016-02-29T20:26:53","modified_gmt":"2016-02-29T19:26:53","slug":"invite-dhonneur-2016","status":"publish","type":"page","link":"http:\/\/www.amis-des-arts.fr\/?page_id=2295","title":{"rendered":"invit\u00e9 d&rsquo;honneur 2016"},"content":{"rendered":"<p><strong>\u00a0<a href=\"http:\/\/www.amis-des-arts.fr\/wp-content\/uploads\/2016\/02\/AttanasioTitre-de-la-toile-15-01-21-red.jpg\" rel=\"attachment wp-att-2403\"><img loading=\"lazy\" decoding=\"async\" class=\" wp-image-2403 aligncenter\" src=\"http:\/\/www.amis-des-arts.fr\/wp-content\/uploads\/2016\/02\/AttanasioTitre-de-la-toile-15-01-21-red-300x300.jpg\" alt=\"AttanasioTitre de la toile 15-01-21 red\" width=\"434\" height=\"434\" srcset=\"http:\/\/www.amis-des-arts.fr\/wp-content\/uploads\/2016\/02\/AttanasioTitre-de-la-toile-15-01-21-red-300x300.jpg 300w, http:\/\/www.amis-des-arts.fr\/wp-content\/uploads\/2016\/02\/AttanasioTitre-de-la-toile-15-01-21-red-150x150.jpg 150w, http:\/\/www.amis-des-arts.fr\/wp-content\/uploads\/2016\/02\/AttanasioTitre-de-la-toile-15-01-21-red-768x768.jpg 768w, http:\/\/www.amis-des-arts.fr\/wp-content\/uploads\/2016\/02\/AttanasioTitre-de-la-toile-15-01-21-red.jpg 1000w\" sizes=\"auto, (max-width: 434px) 100vw, 434px\" \/><\/a><\/strong><\/p>\n<p><span style=\"font-size: 14pt;\">Raymond Attanasio<\/span><\/p>\n<p><em>\u00a0Raymond Attanasio est un artiste du Sud. N\u00e9 \u00e0 Alger en 1954, il vient en France en 1962 et vit actuellement \u00e0 Frontignan. Le dessin, l\u2019expression graphique l\u2019int\u00e9ressent beaucoup, il devient infographiste.<br \/>\n<\/em><\/p>\n<p><em>Mais en 1995 il a une vraie \u00ab\u00a0r\u00e9v\u00e9lation\u00a0\u00bb, comme une \u00ab\u00a0deuxi\u00e8me naissance\u00a0\u00bb dit-il, \u00a0quand un professeur d\u2019arts plastiques lui fait d\u00e9couvrir le monde de l\u2019art et notamment la peinture.<br \/>\nRaymond vit en effet une exp\u00e9rience extraordinaire lorsque seul dans l\u2019atelier devant une grande toile, ses pinceaux semblent lui \u00e9chapper et donner vie \u00e0 la toile de mani\u00e8re intuitive comme anim\u00e9s par une force int\u00e9rieure. A chaque touche de peinture, \u00e0 chaque changement de couleur Raymond ressent \u00e0 la fois euphorie et surprise. N\u2019est-ce pas \u00e7a l\u2019instant magique de la cr\u00e9ation, de l\u2019expression de soi\u00a0?<br \/>\nRaymond cherche \u00e0 comprendre, et \u00e0 tout mettre en \u0153uvre pour revivre ces instants magiques. Il va, pendant deux ann\u00e9es pratiquer l\u2019introspection, l\u2019auto-analyse, rencontrer d\u2019autres artistes dont certains de renom comme Pierre Soulages pour savoir si eux aussi ont v\u00e9cu des exp\u00e9riences similaires\u2026 un vrai parcours initiatique qui va donner corps \u00e0 sa d\u00e9marche artistique. Il peaufine sa technique pour r\u00e9ussir \u00e0 transcrire ainsi ses propres \u00e9motions.<br \/>\n<\/em><\/p>\n<p><em>Sa peinture n\u2019est pas figurative mais la sensibilit\u00e9 et la lumi\u00e8re qui s\u2019en d\u00e9gagent nous touchent au c\u0153ur. L\u2019emploi de glacis successifs pr\u00e9serve la transparence et cr\u00e9e sans cesse de nouvelles nuances. Les ma\u00eetres de Raymond Attanasio vont de Turner \u00e0 Zao Wou Ki en passant par les impressionnistes notamment Monnet.<\/em><\/p>\n<p><em>Raymond Attanasio expose surtout dans sa r\u00e9gion mais aussi \u00e0 Paris, au Portugal, en Italie et ses \u0153uvres sont en galerie notamment \u00e0 Aigues-Mortes. Avec beaucoup de simplicit\u00e9 et de sinc\u00e9rit\u00e9 Il aime partager sa passion et souhaite faire conna\u00eetre l\u2019instant magique de la cr\u00e9ation au plus grand nombre par la rencontre, le dialogue ou des ateliers de cr\u00e9ativit\u00e9.<\/em><\/p>\n<p><a href=\"http:\/\/www.attanasioraymond.com\/\" target=\"_blank\">www.attanasioraymond.com<\/a><\/p>\n","protected":false},"excerpt":{"rendered":"<p>\u00a0 Raymond Attanasio \u00a0Raymond Attanasio est un artiste du Sud. N\u00e9 \u00e0 Alger en 1954, il vient en France en 1962 et vit actuellement \u00e0 Frontignan. Le dessin, l\u2019expression graphique l\u2019int\u00e9ressent beaucoup, il devient infographiste. Mais en 1995 il a une vraie \u00ab\u00a0r\u00e9v\u00e9lation\u00a0\u00bb, comme une \u00ab\u00a0deuxi\u00e8me naissance\u00a0\u00bb dit-il, \u00a0quand un professeur d\u2019arts plastiques lui fait &hellip; <a href=\"http:\/\/www.amis-des-arts.fr\/?page_id=2295\" class=\"more-link\">Continuer la lecture de <span class=\"screen-reader-text\">invit\u00e9 d&rsquo;honneur 2016<\/span>  <span class=\"meta-nav\">&rarr;<\/span><\/a><\/p>\n","protected":false},"author":2,"featured_media":0,"parent":0,"menu_order":0,"comment_status":"closed","ping_status":"closed","template":"","meta":{"ngg_post_thumbnail":0,"footnotes":""},"class_list":["post-2295","page","type-page","status-publish","hentry"],"_links":{"self":[{"href":"http:\/\/www.amis-des-arts.fr\/index.php?rest_route=\/wp\/v2\/pages\/2295","targetHints":{"allow":["GET"]}}],"collection":[{"href":"http:\/\/www.amis-des-arts.fr\/index.php?rest_route=\/wp\/v2\/pages"}],"about":[{"href":"http:\/\/www.amis-des-arts.fr\/index.php?rest_route=\/wp\/v2\/types\/page"}],"author":[{"embeddable":true,"href":"http:\/\/www.amis-des-arts.fr\/index.php?rest_route=\/wp\/v2\/users\/2"}],"replies":[{"embeddable":true,"href":"http:\/\/www.amis-des-arts.fr\/index.php?rest_route=%2Fwp%2Fv2%2Fcomments&post=2295"}],"version-history":[{"count":6,"href":"http:\/\/www.amis-des-arts.fr\/index.php?rest_route=\/wp\/v2\/pages\/2295\/revisions"}],"predecessor-version":[{"id":2455,"href":"http:\/\/www.amis-des-arts.fr\/index.php?rest_route=\/wp\/v2\/pages\/2295\/revisions\/2455"}],"wp:attachment":[{"href":"http:\/\/www.amis-des-arts.fr\/index.php?rest_route=%2Fwp%2Fv2%2Fmedia&parent=2295"}],"curies":[{"name":"wp","href":"https:\/\/api.w.org\/{rel}","templated":true}]}}