{"id":2246,"date":"2016-02-09T21:14:48","date_gmt":"2016-02-09T20:14:48","guid":{"rendered":"http:\/\/www.amis-des-arts.fr\/?page_id=2246"},"modified":"2016-02-09T21:37:33","modified_gmt":"2016-02-09T20:37:33","slug":"saint-richard","status":"publish","type":"page","link":"http:\/\/www.amis-des-arts.fr\/?page_id=2246","title":{"rendered":"SAINT RICHARD"},"content":{"rendered":"<div id='gallery-1' class='gallery galleryid-2246 gallery-columns-4 gallery-size-thumbnail'><figure class='gallery-item'>\n\t\t\t<div class='gallery-icon landscape'>\n\t\t\t\t<a href='http:\/\/www.amis-des-arts.fr\/?attachment_id=2252'><img loading=\"lazy\" decoding=\"async\" width=\"150\" height=\"150\" src=\"http:\/\/www.amis-des-arts.fr\/wp-content\/uploads\/2016\/02\/P1020056-red-150x150.jpg\" class=\"attachment-thumbnail size-thumbnail\" alt=\"\" \/><\/a>\n\t\t\t<\/div><\/figure><figure class='gallery-item'>\n\t\t\t<div class='gallery-icon landscape'>\n\t\t\t\t<a href='http:\/\/www.amis-des-arts.fr\/?attachment_id=2251'><img loading=\"lazy\" decoding=\"async\" width=\"150\" height=\"150\" src=\"http:\/\/www.amis-des-arts.fr\/wp-content\/uploads\/2016\/02\/P1020043-red-150x150.jpg\" class=\"attachment-thumbnail size-thumbnail\" alt=\"\" \/><\/a>\n\t\t\t<\/div><\/figure><figure class='gallery-item'>\n\t\t\t<div class='gallery-icon landscape'>\n\t\t\t\t<a href='http:\/\/www.amis-des-arts.fr\/?attachment_id=2250'><img loading=\"lazy\" decoding=\"async\" width=\"150\" height=\"150\" src=\"http:\/\/www.amis-des-arts.fr\/wp-content\/uploads\/2016\/02\/P1020033-red-150x150.jpg\" class=\"attachment-thumbnail size-thumbnail\" alt=\"\" \/><\/a>\n\t\t\t<\/div><\/figure><figure class='gallery-item'>\n\t\t\t<div class='gallery-icon portrait'>\n\t\t\t\t<a href='http:\/\/www.amis-des-arts.fr\/?attachment_id=2249'><img loading=\"lazy\" decoding=\"async\" width=\"150\" height=\"150\" src=\"http:\/\/www.amis-des-arts.fr\/wp-content\/uploads\/2016\/02\/20150502_113752-red-150x150.jpg\" class=\"attachment-thumbnail size-thumbnail\" alt=\"\" \/><\/a>\n\t\t\t<\/div><\/figure><figure class='gallery-item'>\n\t\t\t<div class='gallery-icon landscape'>\n\t\t\t\t<a href='http:\/\/www.amis-des-arts.fr\/?attachment_id=2248'><img loading=\"lazy\" decoding=\"async\" width=\"150\" height=\"150\" src=\"http:\/\/www.amis-des-arts.fr\/wp-content\/uploads\/2016\/02\/20150502_111027-red-150x150.jpg\" class=\"attachment-thumbnail size-thumbnail\" alt=\"\" \/><\/a>\n\t\t\t<\/div><\/figure><figure class='gallery-item'>\n\t\t\t<div class='gallery-icon landscape'>\n\t\t\t\t<a href='http:\/\/www.amis-des-arts.fr\/?attachment_id=2247'><img loading=\"lazy\" decoding=\"async\" width=\"150\" height=\"150\" src=\"http:\/\/www.amis-des-arts.fr\/wp-content\/uploads\/2016\/02\/20150502_110958-red-150x150.jpg\" class=\"attachment-thumbnail size-thumbnail\" alt=\"\" \/><\/a>\n\t\t\t<\/div><\/figure><figure class='gallery-item'>\n\t\t\t<div class='gallery-icon portrait'>\n\t\t\t\t<a href='http:\/\/www.amis-des-arts.fr\/?attachment_id=2253'><img loading=\"lazy\" decoding=\"async\" width=\"150\" height=\"150\" src=\"http:\/\/www.amis-des-arts.fr\/wp-content\/uploads\/2016\/02\/peter-hawkins-150x150.jpg\" class=\"attachment-thumbnail size-thumbnail\" alt=\"\" \/><\/a>\n\t\t\t<\/div><\/figure>\n\t\t<\/div>\n\n<p>A l&rsquo;occasion de la St Richard, f\u00eate patronale de Droitwich, des repr\u00e9sentants des Amis des Arts ont particip\u00e9 au voyage a Droitwich organis\u00e9 par l&rsquo;English Club de Voiron.<\/p>\n<p>Cette f\u00eate est tr\u00e8s importante et draine de nombreux visiteurs.<\/p>\n<p>Peter Hawkins nous avait invit\u00e9s \u00e0 participer \u00e0 l&rsquo;exposition organis\u00e9e par le Droitwich Art Network dans l&rsquo;\u00e9glise de Droitwich pour le week-end du 1er mai 2015. Nous avions emport\u00e9 quelques tableaux qui ont pu \u00eatre expos\u00e9s.<\/p>\n<p>Nous avons \u00e9t\u00e9 chaleureusement accueillis par Peter, le pr\u00e9sident de Droitwich Art Network et la le maire de la ville en grande tenue d&rsquo;apparat<\/p>\n<p>&nbsp;<\/p>\n","protected":false},"excerpt":{"rendered":"<p>A l&rsquo;occasion de la St Richard, f\u00eate patronale de Droitwich, des repr\u00e9sentants des Amis des Arts ont particip\u00e9 au voyage a Droitwich organis\u00e9 par l&rsquo;English Club de Voiron. Cette f\u00eate est tr\u00e8s importante et draine de nombreux visiteurs. Peter Hawkins nous avait invit\u00e9s \u00e0 participer \u00e0 l&rsquo;exposition organis\u00e9e par le Droitwich Art Network dans l&rsquo;\u00e9glise &hellip; <a href=\"http:\/\/www.amis-des-arts.fr\/?page_id=2246\" class=\"more-link\">Continuer la lecture de <span class=\"screen-reader-text\">SAINT RICHARD<\/span>  <span class=\"meta-nav\">&rarr;<\/span><\/a><\/p>\n","protected":false},"author":1,"featured_media":0,"parent":2203,"menu_order":0,"comment_status":"closed","ping_status":"closed","template":"","meta":{"ngg_post_thumbnail":0,"footnotes":""},"class_list":["post-2246","page","type-page","status-publish","hentry"],"_links":{"self":[{"href":"http:\/\/www.amis-des-arts.fr\/index.php?rest_route=\/wp\/v2\/pages\/2246","targetHints":{"allow":["GET"]}}],"collection":[{"href":"http:\/\/www.amis-des-arts.fr\/index.php?rest_route=\/wp\/v2\/pages"}],"about":[{"href":"http:\/\/www.amis-des-arts.fr\/index.php?rest_route=\/wp\/v2\/types\/page"}],"author":[{"embeddable":true,"href":"http:\/\/www.amis-des-arts.fr\/index.php?rest_route=\/wp\/v2\/users\/1"}],"replies":[{"embeddable":true,"href":"http:\/\/www.amis-des-arts.fr\/index.php?rest_route=%2Fwp%2Fv2%2Fcomments&post=2246"}],"version-history":[{"count":4,"href":"http:\/\/www.amis-des-arts.fr\/index.php?rest_route=\/wp\/v2\/pages\/2246\/revisions"}],"predecessor-version":[{"id":2257,"href":"http:\/\/www.amis-des-arts.fr\/index.php?rest_route=\/wp\/v2\/pages\/2246\/revisions\/2257"}],"up":[{"embeddable":true,"href":"http:\/\/www.amis-des-arts.fr\/index.php?rest_route=\/wp\/v2\/pages\/2203"}],"wp:attachment":[{"href":"http:\/\/www.amis-des-arts.fr\/index.php?rest_route=%2Fwp%2Fv2%2Fmedia&parent=2246"}],"curies":[{"name":"wp","href":"https:\/\/api.w.org\/{rel}","templated":true}]}}