{"id":2209,"date":"2016-02-03T19:21:11","date_gmt":"2016-02-03T18:21:11","guid":{"rendered":"http:\/\/www.amis-des-arts.fr\/?page_id=2209"},"modified":"2016-03-05T18:22:03","modified_gmt":"2016-03-05T17:22:03","slug":"affiche","status":"publish","type":"page","link":"http:\/\/www.amis-des-arts.fr\/?page_id=2209","title":{"rendered":"Autour du salon"},"content":{"rendered":"<div><span style=\"font-family: Arial; font-size: small;\"><span lang=\"FR\">\u00a0<\/span><\/span><\/div>\n<div>\n<p>Le salon de peinture et sculpture des Amis des Arts de Voiron sera ouvert au public tous les jours, de 14h \u00e0 19h, du 16 au 26 mars 2016 \u00e0 Salle des F\u00eates de Voiron 2 place J.A. GAU derri\u00e8re le centre social Beraudier.Cette ann\u00e9e notre invit\u00e9 d\u2019honneur est le peintre Raymond Attanasio, plus de 40 artistes ont \u00e9t\u00e9 s\u00e9lectionn\u00e9s par un jury pour exposer leurs \u0153uvres.<\/p>\n<p>De plus avec l\u2019exposition \u00ab\u00a0\u3000 Le verre dans tous ses \u00e9clats\u3000\u00a0\u00bb vous d\u00e9couvrez diff\u00e9rentes fa\u00e7ons de travailler le verre.<\/p>\n<p>Vous pourrez participer \u00e0 des ateliers et conf\u00e9rence:<\/p>\n<\/div>\n<div>\n<ul>\n<li>STAGES d &lsquo;icones\u00a0 sur verre \u00e0 la tempera par Georgeta Iuga Les 16, 17 et 18 mars, de 9h \u00e0 12h, \u00e0 l\u2019atelier du Prisme \u00e0 Saint-Etiennede-Crossey. Inscription par email : mn.gaujour@wanadoo.fr. Participation : 15 euros.<\/li>\n<li>ATELIER DE CR\u00c9ATIVIT\u00c9 : Le 17 mars, de 14h \u00e0 17h30, \u00e0 la Maison des Associations, 2 place Stalingrad \u00e0 Voiron. Inscription par email : mn.gaujour@wanadoo.fr Vous r\u00e9aliserez un tableau sur papier avec encre et brou de noix.<\/li>\n<li>CONF\u00c9RENCE\/DIALOGUE : Le 25 mars, \u00e0 partir de 18h, sur le lieu de l\u2019exposition. D\u00e9couvrir l\u2019univers artistique du peintre, la technique, le l\u00e2cher prise, pourquoi peindre\u2026<\/li>\n<\/ul>\n<p>&nbsp;<\/p>\n<p>&nbsp;<\/p>\n<p>&nbsp;<\/p>\n<p>&nbsp;<\/p>\n<\/div>\n","protected":false},"excerpt":{"rendered":"<p>\u00a0 Le salon de peinture et sculpture des Amis des Arts de Voiron sera ouvert au public tous les jours, de 14h \u00e0 19h, du 16 au 26 mars 2016 \u00e0 Salle des F\u00eates de Voiron 2 place J.A. GAU derri\u00e8re le centre social Beraudier.Cette ann\u00e9e notre invit\u00e9 d\u2019honneur est le peintre Raymond Attanasio, plus &hellip; <a href=\"http:\/\/www.amis-des-arts.fr\/?page_id=2209\" class=\"more-link\">Continuer la lecture de <span class=\"screen-reader-text\">Autour du salon<\/span>  <span class=\"meta-nav\">&rarr;<\/span><\/a><\/p>\n","protected":false},"author":2,"featured_media":0,"parent":25,"menu_order":0,"comment_status":"closed","ping_status":"closed","template":"","meta":{"ngg_post_thumbnail":0,"footnotes":""},"class_list":["post-2209","page","type-page","status-publish","hentry"],"_links":{"self":[{"href":"http:\/\/www.amis-des-arts.fr\/index.php?rest_route=\/wp\/v2\/pages\/2209","targetHints":{"allow":["GET"]}}],"collection":[{"href":"http:\/\/www.amis-des-arts.fr\/index.php?rest_route=\/wp\/v2\/pages"}],"about":[{"href":"http:\/\/www.amis-des-arts.fr\/index.php?rest_route=\/wp\/v2\/types\/page"}],"author":[{"embeddable":true,"href":"http:\/\/www.amis-des-arts.fr\/index.php?rest_route=\/wp\/v2\/users\/2"}],"replies":[{"embeddable":true,"href":"http:\/\/www.amis-des-arts.fr\/index.php?rest_route=%2Fwp%2Fv2%2Fcomments&post=2209"}],"version-history":[{"count":8,"href":"http:\/\/www.amis-des-arts.fr\/index.php?rest_route=\/wp\/v2\/pages\/2209\/revisions"}],"predecessor-version":[{"id":2476,"href":"http:\/\/www.amis-des-arts.fr\/index.php?rest_route=\/wp\/v2\/pages\/2209\/revisions\/2476"}],"up":[{"embeddable":true,"href":"http:\/\/www.amis-des-arts.fr\/index.php?rest_route=\/wp\/v2\/pages\/25"}],"wp:attachment":[{"href":"http:\/\/www.amis-des-arts.fr\/index.php?rest_route=%2Fwp%2Fv2%2Fmedia&parent=2209"}],"curies":[{"name":"wp","href":"https:\/\/api.w.org\/{rel}","templated":true}]}}