{"id":2203,"date":"2016-02-02T18:10:28","date_gmt":"2016-02-02T17:10:28","guid":{"rendered":"http:\/\/www.amis-des-arts.fr\/?page_id=2203"},"modified":"2016-02-02T18:13:14","modified_gmt":"2016-02-02T17:13:14","slug":"jumelage-droitwich","status":"publish","type":"page","link":"http:\/\/www.amis-des-arts.fr\/?page_id=2203","title":{"rendered":"JUMELAGE DROITWICH"},"content":{"rendered":"<p>Gr\u00e2ces \u00e0 l\u2019English club de Voiron, le premier mai 2015 nous avons eu une premi\u00e8re rencontre \u00e0 Droitwich avec \u00ab Droitwich art network \u00bb \u00e0 l\u2019occasion de la f\u00eate de St Richard.<\/p>\n<p>6 d\u2019entre nous ont particip\u00e9 \u00e0 une exposition de peinture organis\u00e9e \u00e0 Droitwich.<\/p>\n<p>Au cours de l\u2019\u00e9t\u00e9 nous avons organis\u00e9 ensemble une action crois\u00e9e de d\u2019\u00e9change sous forme d\u2019\u0153uvres originales : peinture, photos \u2026.<br \/>\n12 membres de notre association ont particip\u00e9 et expos\u00e9 \u00e0 Droitwich en septembre.<br \/>\n12 membres de l\u2019association de Droitwhich ont particip\u00e9<\/p>\n","protected":false},"excerpt":{"rendered":"<p>Gr\u00e2ces \u00e0 l\u2019English club de Voiron, le premier mai 2015 nous avons eu une premi\u00e8re rencontre \u00e0 Droitwich avec \u00ab Droitwich art network \u00bb \u00e0 l\u2019occasion de la f\u00eate de St Richard. 6 d\u2019entre nous ont particip\u00e9 \u00e0 une exposition de peinture organis\u00e9e \u00e0 Droitwich. Au cours de l\u2019\u00e9t\u00e9 nous avons organis\u00e9 ensemble une action &hellip; <a href=\"http:\/\/www.amis-des-arts.fr\/?page_id=2203\" class=\"more-link\">Continuer la lecture de <span class=\"screen-reader-text\">JUMELAGE DROITWICH<\/span>  <span class=\"meta-nav\">&rarr;<\/span><\/a><\/p>\n","protected":false},"author":1,"featured_media":2204,"parent":0,"menu_order":0,"comment_status":"closed","ping_status":"closed","template":"","meta":{"ngg_post_thumbnail":0,"footnotes":""},"class_list":["post-2203","page","type-page","status-publish","has-post-thumbnail","hentry"],"_links":{"self":[{"href":"http:\/\/www.amis-des-arts.fr\/index.php?rest_route=\/wp\/v2\/pages\/2203","targetHints":{"allow":["GET"]}}],"collection":[{"href":"http:\/\/www.amis-des-arts.fr\/index.php?rest_route=\/wp\/v2\/pages"}],"about":[{"href":"http:\/\/www.amis-des-arts.fr\/index.php?rest_route=\/wp\/v2\/types\/page"}],"author":[{"embeddable":true,"href":"http:\/\/www.amis-des-arts.fr\/index.php?rest_route=\/wp\/v2\/users\/1"}],"replies":[{"embeddable":true,"href":"http:\/\/www.amis-des-arts.fr\/index.php?rest_route=%2Fwp%2Fv2%2Fcomments&post=2203"}],"version-history":[{"count":1,"href":"http:\/\/www.amis-des-arts.fr\/index.php?rest_route=\/wp\/v2\/pages\/2203\/revisions"}],"predecessor-version":[{"id":2205,"href":"http:\/\/www.amis-des-arts.fr\/index.php?rest_route=\/wp\/v2\/pages\/2203\/revisions\/2205"}],"wp:featuredmedia":[{"embeddable":true,"href":"http:\/\/www.amis-des-arts.fr\/index.php?rest_route=\/wp\/v2\/media\/2204"}],"wp:attachment":[{"href":"http:\/\/www.amis-des-arts.fr\/index.php?rest_route=%2Fwp%2Fv2%2Fmedia&parent=2203"}],"curies":[{"name":"wp","href":"https:\/\/api.w.org\/{rel}","templated":true}]}}