{"id":212,"date":"2014-01-19T15:44:02","date_gmt":"2014-01-19T14:44:02","guid":{"rendered":"http:\/\/www.amis-des-arts.fr\/?page_id=212"},"modified":"2015-07-08T17:12:47","modified_gmt":"2015-07-08T16:12:47","slug":"invitee-dhonneur-2013","status":"publish","type":"page","link":"http:\/\/www.amis-des-arts.fr\/?page_id=212","title":{"rendered":"Invit\u00e9e d&rsquo;honneur 2013"},"content":{"rendered":"<p style=\"text-align: center;\">\u00a0\u00a0<span style=\"font-size: 22px;\">Christine Cr\u00e9halet<br \/>\n<\/span><span style=\"font-size: 22px;\">invit\u00e9e d&rsquo;honneur du salon 2013<\/span><\/p>\n<p style=\"text-align: center;\"><a href=\"http:\/\/www.amis-des-arts.fr\/wp-content\/uploads\/2014\/01\/photo-affiche-300.jpg\"><img loading=\"lazy\" decoding=\"async\" class=\"aligncenter wp-image-1826 size-full\" src=\"http:\/\/www.amis-des-arts.fr\/wp-content\/uploads\/2014\/01\/photo-affiche-300.jpg\" alt=\"photo affiche 300\" width=\"300\" height=\"391\" srcset=\"http:\/\/www.amis-des-arts.fr\/wp-content\/uploads\/2014\/01\/photo-affiche-300.jpg 300w, http:\/\/www.amis-des-arts.fr\/wp-content\/uploads\/2014\/01\/photo-affiche-300-230x300.jpg 230w\" sizes=\"auto, (max-width: 300px) 100vw, 300px\" \/><\/a><\/p>\n<p>Christine Cr\u00e9halet vit actuellement dans le Limousin; issue d\u2019une famille de voyageurs, elle est n\u00e9e au Mali, monde riche en couleurs. Comment ne pas voir l\u00e0 un clin d\u2019\u0153il \u00e0 cette passion pour la peinture qui allait envahir sa vie.<\/p>\n<p>Tr\u00e8s jeune et gr\u00e2ce aux conseils d\u2019un artiste catalan, elle s\u2019initie au dessin et \u00e0 la peinture \u00e0 l\u2019huile qui, rapidement, lui deviennent familiers et naturels.<\/p>\n<p>C\u2019est \u00e0 Lyon qu\u2019elle d\u00e9couvre l\u2019aquarelle et elle s\u2019y plonge avec ivresse. Cette technique o\u00f9 transparence, fluidit\u00e9 et l\u00e9g\u00e8ret\u00e9 cohabitent, lui convient \u00e0 merveille. Sa sensibilit\u00e9 et sa qu\u00eate de s\u00e9r\u00e9nit\u00e9 sont tr\u00e8s justement et finement exalt\u00e9es par le jeu de l\u2019eau et des pigments.<\/p>\n<p>Avec \u00e9l\u00e9gance et une grande subtilit\u00e9, elle nous transporte dans des paysages o\u00f9 l\u2019on ressent la lumi\u00e8re, le vent, le mouvement et m\u00eame les parfums. Tout en douceur, dans les aquarelles r\u00e9alis\u00e9es au retour d\u2019un voyage en Chine, elle nous livre ses \u00e9motions devant le spectacle de la nature : nous pouvons alors admirer son talent pour traduire l\u2019ambiance, le climat et aussi le caract\u00e8re myst\u00e9rieux, voire \u00e9nigmatique des sites qu\u2019elle a contempl\u00e9s.<br \/>\nChristine a particip\u00e9 \u00e0 de nombreux festivals ou salons, essentiellement en France et en Belgique, et poss\u00e8de plusieurs m\u00e9dailles d\u2019or \u00e0 son palmar\u00e8s.<\/p>\n","protected":false},"excerpt":{"rendered":"<p>\u00a0\u00a0Christine Cr\u00e9halet invit\u00e9e d&rsquo;honneur du salon 2013 Christine Cr\u00e9halet vit actuellement dans le Limousin; issue d\u2019une famille de voyageurs, elle est n\u00e9e au Mali, monde riche en couleurs. Comment ne pas voir l\u00e0 un clin d\u2019\u0153il \u00e0 cette passion pour la peinture qui allait envahir sa vie. Tr\u00e8s jeune et gr\u00e2ce aux conseils d\u2019un artiste &hellip; <a href=\"http:\/\/www.amis-des-arts.fr\/?page_id=212\" class=\"more-link\">Continuer la lecture de <span class=\"screen-reader-text\">Invit\u00e9e d&rsquo;honneur 2013<\/span>  <span class=\"meta-nav\">&rarr;<\/span><\/a><\/p>\n","protected":false},"author":1,"featured_media":0,"parent":0,"menu_order":0,"comment_status":"closed","ping_status":"closed","template":"","meta":{"ngg_post_thumbnail":0,"footnotes":""},"class_list":["post-212","page","type-page","status-publish","hentry"],"_links":{"self":[{"href":"http:\/\/www.amis-des-arts.fr\/index.php?rest_route=\/wp\/v2\/pages\/212","targetHints":{"allow":["GET"]}}],"collection":[{"href":"http:\/\/www.amis-des-arts.fr\/index.php?rest_route=\/wp\/v2\/pages"}],"about":[{"href":"http:\/\/www.amis-des-arts.fr\/index.php?rest_route=\/wp\/v2\/types\/page"}],"author":[{"embeddable":true,"href":"http:\/\/www.amis-des-arts.fr\/index.php?rest_route=\/wp\/v2\/users\/1"}],"replies":[{"embeddable":true,"href":"http:\/\/www.amis-des-arts.fr\/index.php?rest_route=%2Fwp%2Fv2%2Fcomments&post=212"}],"version-history":[{"count":10,"href":"http:\/\/www.amis-des-arts.fr\/index.php?rest_route=\/wp\/v2\/pages\/212\/revisions"}],"predecessor-version":[{"id":1827,"href":"http:\/\/www.amis-des-arts.fr\/index.php?rest_route=\/wp\/v2\/pages\/212\/revisions\/1827"}],"wp:attachment":[{"href":"http:\/\/www.amis-des-arts.fr\/index.php?rest_route=%2Fwp%2Fv2%2Fmedia&parent=212"}],"curies":[{"name":"wp","href":"https:\/\/api.w.org\/{rel}","templated":true}]}}