{"id":1817,"date":"2015-07-08T10:00:17","date_gmt":"2015-07-08T09:00:17","guid":{"rendered":"http:\/\/www.amis-des-arts.fr\/?page_id=1817"},"modified":"2016-06-26T16:03:07","modified_gmt":"2016-06-26T15:03:07","slug":"invite-dhonneur-du-salon-2015","status":"publish","type":"page","link":"http:\/\/www.amis-des-arts.fr\/?page_id=1817","title":{"rendered":"Invit\u00e9 d&rsquo;honneur  2015"},"content":{"rendered":"<p style=\"text-align: left;\">\n<p style=\"text-align: left;\">\n<p style=\"text-align: left;\">\n<p style=\"text-align: left;\">\n<p style=\"text-align: left;\">\n<p style=\"text-align: left;\">\n<p style=\"text-align: left;\">\n<p style=\"text-align: left;\">\n<p style=\"text-align: left;\">\n<p style=\"text-align: left;\">\n<p style=\"text-align: center;\"><span style=\"font-size: 18pt;\">Invit\u00e9 d&rsquo;honneur du salon 2015<\/span><\/p>\n<p style=\"text-align: center;\"><span style=\"font-size: 18pt;\">TANG<\/span><\/p>\n<p style=\"text-align: left;\"><a href=\"http:\/\/www.amis-des-arts.fr\/wp-content\/uploads\/2015\/01\/La-sourciere-grise.jpg\"><img loading=\"lazy\" decoding=\"async\" class=\"aligncenter wp-image-1809 size-medium\" src=\"http:\/\/www.amis-des-arts.fr\/wp-content\/uploads\/2015\/01\/La-sourciere-grise-228x300.jpg\" alt=\"La sourciere grise\" width=\"228\" height=\"300\" srcset=\"http:\/\/www.amis-des-arts.fr\/wp-content\/uploads\/2015\/01\/La-sourciere-grise-228x300.jpg 228w, http:\/\/www.amis-des-arts.fr\/wp-content\/uploads\/2015\/01\/La-sourciere-grise.jpg 600w\" sizes=\"auto, (max-width: 228px) 100vw, 228px\" \/><\/a><\/p>\n<p style=\"text-align: left;\">\n<p style=\"text-align: left;\">Tang na\u00eet en 1972 \u00e0 Bourgoin-Jallieu, grandit dans un petit bourg rural des Chambarands (Viriville), \u00e9tudie le graphisme \u00e0 Grenoble o\u00f9 il exercera pendant quatre ans une activit\u00e9 professionnelle dans la publicit\u00e9, l\u2019\u00e9dition\u2026 Mais Tang a deux passions qui vont finalement guider sa vie : le dessin \u00ab c\u2019est primordial pour moi \u00bb dit-il et les voyages.<br \/>\nAinsi de s\u00e9jours en voyages, flanqu\u00e9 de ses crayons et couleurs, Tang parcourt le monde : USA, Europe de l\u2019Est, Europe du Nord, Asie&#8230;<br \/>\nIl va m\u00eame s\u00e9journer trois ans au Japon o\u00f9 il multiplie les expositions (\u00e0 Tokyo notamment) et participe \u00e0 plusieurs festivals.<br \/>\nTang est n\u00e9anmoins tr\u00e8s pr\u00e9sent en France, s\u2019installe \u00e0 Lyon, devient membre de \u00ab Carr\u00e9 d\u2019Artiste \u00bb, expose dans plusieurs galeries lyonnaises, participe \u00e0 de nombreux march\u00e9s ou festivals dans la r\u00e9gion Rh\u00f4ne-Alpes mais aussi \u00e0 Aix en Provence, Paris, Toulouse, Biarritz etc.<br \/>\nLes \u0153uvres de Tang refl\u00e8tent sa soif de vie et d\u2019\u00e9vasion, \u00e0 la fois gaies et color\u00e9es, figuratives et abstraites, proches du r\u00e9el ou totalement imaginaires. Les effets de mati\u00e8res c\u00f4toient la transparence et la ligne affirme la composition car Tang se situe \u00e0 \u00ab mi-chemin entre graphisme et peinture \u00bb. Les titres donn\u00e9s, souvent \u00e0 consonance japonaise, sont all\u00e9goriques, \u00e9nigmatiques et porteurs d\u2019un message \u00ab \u00e0 plusieurs niveaux de lecture. \u00bb<br \/>\nAinsi marqu\u00e9 par ses souvenirs d\u2019enfance \u00e0 la campagne avec promenades en for\u00eat et construction de cabanes, Tang a beaucoup observ\u00e9 et dessin\u00e9 les arbres qu\u2019il dit \u00ab respecter, craindre et admirer \u00bb. Et sa connaissance de la culture japonaise a renforc\u00e9 son attention pour la nature, les plantes et les arbres. Ces tableaux d\u2019Eda (branche en japonais) sont autant de \u00ab portraits de nature \u00bb des \u00eatres qui changent en fonction de l\u2019environnement, se tordent au vent, s\u2019\u00e9panouissent sous la lumi\u00e8re, donc enracin\u00e9s mais changeants. De m\u00eame ce Kukai, c\u00e9l\u00e8bre moine marcheur, \u00e9voque non seulement les voyages mais aussi une certaine vision du monde, l\u2019humain petit, seul et pers\u00e9v\u00e9rant par rapport aux grands espaces\u2026 Les Reines tr\u00e8s dignes dans leurs costumes sophistiqu\u00e9s, semblent toujours vigilantes affirmant leur pr\u00e9sence alors que les Sourci\u00e8res se faufilent, volent en silence \u00e0 la recherche d\u2019une source improbable dans ces lieux si d\u00e9sertiques \u2026mais de Sourci\u00e8re \u00e0 Sorci\u00e8re il n\u2019y a qu\u2019un pas !<br \/>\nTang sera heureux de vous accueillir dans son nouvel Atelier-Galerie, \u00e0 Lyon et vous d\u00e9voiler ses expositions \u00e0 venir en Loire-Atlantique cet \u00e9t\u00e9 et \u00e0 Tokyo en novembre 2015.<\/p>\n","protected":false},"excerpt":{"rendered":"<p>Invit\u00e9 d&rsquo;honneur du salon 2015 TANG Tang na\u00eet en 1972 \u00e0 Bourgoin-Jallieu, grandit dans un petit bourg rural des Chambarands (Viriville), \u00e9tudie le graphisme \u00e0 Grenoble o\u00f9 il exercera pendant quatre ans une activit\u00e9 professionnelle dans la publicit\u00e9, l\u2019\u00e9dition\u2026 Mais Tang a deux passions qui vont finalement guider sa vie : le dessin \u00ab c\u2019est &hellip; <a href=\"http:\/\/www.amis-des-arts.fr\/?page_id=1817\" class=\"more-link\">Continuer la lecture de <span class=\"screen-reader-text\">Invit\u00e9 d&rsquo;honneur  2015<\/span>  <span class=\"meta-nav\">&rarr;<\/span><\/a><\/p>\n","protected":false},"author":1,"featured_media":0,"parent":0,"menu_order":0,"comment_status":"closed","ping_status":"closed","template":"","meta":{"ngg_post_thumbnail":0,"footnotes":""},"class_list":["post-1817","page","type-page","status-publish","hentry"],"_links":{"self":[{"href":"http:\/\/www.amis-des-arts.fr\/index.php?rest_route=\/wp\/v2\/pages\/1817","targetHints":{"allow":["GET"]}}],"collection":[{"href":"http:\/\/www.amis-des-arts.fr\/index.php?rest_route=\/wp\/v2\/pages"}],"about":[{"href":"http:\/\/www.amis-des-arts.fr\/index.php?rest_route=\/wp\/v2\/types\/page"}],"author":[{"embeddable":true,"href":"http:\/\/www.amis-des-arts.fr\/index.php?rest_route=\/wp\/v2\/users\/1"}],"replies":[{"embeddable":true,"href":"http:\/\/www.amis-des-arts.fr\/index.php?rest_route=%2Fwp%2Fv2%2Fcomments&post=1817"}],"version-history":[{"count":2,"href":"http:\/\/www.amis-des-arts.fr\/index.php?rest_route=\/wp\/v2\/pages\/1817\/revisions"}],"predecessor-version":[{"id":1821,"href":"http:\/\/www.amis-des-arts.fr\/index.php?rest_route=\/wp\/v2\/pages\/1817\/revisions\/1821"}],"wp:attachment":[{"href":"http:\/\/www.amis-des-arts.fr\/index.php?rest_route=%2Fwp%2Fv2%2Fmedia&parent=1817"}],"curies":[{"name":"wp","href":"https:\/\/api.w.org\/{rel}","templated":true}]}}