{"id":1204,"date":"2015-01-19T14:26:57","date_gmt":"2015-01-19T13:26:57","guid":{"rendered":"http:\/\/www.amis-des-arts.fr\/?page_id=1204"},"modified":"2015-07-08T09:56:20","modified_gmt":"2015-07-08T08:56:20","slug":"salon-2015","status":"publish","type":"page","link":"http:\/\/www.amis-des-arts.fr\/?page_id=1204","title":{"rendered":"Salon 2015"},"content":{"rendered":"<p style=\"text-align: center;\"><strong><span style=\"font-size: 18pt;\">44e SALON DES AMIS DES ARTS<\/span><\/strong><br \/>\n<strong><span style=\"font-size: 18pt;\"> DE VOIRON<\/span><\/strong><br \/>\n<span style=\"font-size: 14pt;\">Peinture \u00a0&#8211; Sculptures<\/span><\/p>\n<p style=\"text-align: center;\"><a href=\"http:\/\/www.amis-des-arts.fr\/wp-content\/uploads\/2015\/01\/La-sourciere-grise.jpg\"><img loading=\"lazy\" decoding=\"async\" class=\"aligncenter wp-image-1809 size-full\" src=\"http:\/\/www.amis-des-arts.fr\/wp-content\/uploads\/2015\/01\/La-sourciere-grise.jpg\" alt=\"La sourciere grise\" width=\"600\" height=\"789\" srcset=\"http:\/\/www.amis-des-arts.fr\/wp-content\/uploads\/2015\/01\/La-sourciere-grise.jpg 600w, http:\/\/www.amis-des-arts.fr\/wp-content\/uploads\/2015\/01\/La-sourciere-grise-228x300.jpg 228w\" sizes=\"auto, (max-width: 600px) 100vw, 600px\" \/><\/a><\/p>\n<p style=\"text-align: center;\"><strong><span style=\"font-size: 14pt;\">Invit\u00e9 d&rsquo;honneur : TANG<\/span><\/strong><\/p>\n<p style=\"text-align: center;\">Salle des F\u00eates de Voiron<br \/>\nDu 8 au 18 avril 2015<\/p>\n<p style=\"text-align: center;\">Ouvert tous les jours, de 14h \u00e0 19h<\/p>\n<p style=\"text-align: center;\">Avec dans le hall d\u2019entr\u00e9e :<br \/>\nExposition :<strong> \u0153uvres de papier et de carton<\/strong><\/p>\n<p>Plus de 80 artistes pr\u00e9senteront leurs \u0153uvres r\u00e9alis\u00e9es selon des techniques et des styles tr\u00e8s vari\u00e9s<\/p>\n<p><strong>L\u2019invit\u00e9 d\u2019honneur est cette ann\u00e9e TANG<\/strong><br \/>\nTang na\u00eet en 1972 \u00e0 Bourgoin-Jallieu, grandit dans un petit bourg rural des Chambarands. Install\u00e9 \u00e0 Lyon, il devient membre de \u00ab Carr\u00e9 d\u2019Artiste \u00bb, expose dans des galeries lyonnaises. Ses peintures sont all\u00e9goriques, \u00e9nigmatiques et porteuses d\u2019un message \u00e0 plusieurs niveaux de lecture.<\/p>\n<p><strong>Les\u00a0\u0153uvres\u00a0de papier et de carton:<\/strong><\/p>\n\n<table id=\"tablepress-14\" class=\"tablepress tablepress-id-14\">\n<tbody class=\"row-hover\">\n<tr class=\"row-1\">\n\t<td class=\"column-1\"><a href=\"http:\/\/www.amis-des-arts.fr\/wp-content\/uploads\/2015\/07\/Anne-Jury-Poquin.jpg\"><img loading=\"lazy\" decoding=\"async\" src=\"http:\/\/www.amis-des-arts.fr\/wp-content\/uploads\/2015\/07\/Anne-Jury-Poquin-150x150.jpg\" alt=\"\" width=\"150\" height=\"150\" class=\"aligncenter size-thumbnail wp-image-1811\" \/><\/a><\/td><td class=\"column-2\">Anne Jury Poquin<br \/>\nPassionn\u00e9e par les couleurs, la d\u00e9co, les activit\u00e9s manuelles, depuis quelques ann\u00e9es elle r\u00e9alise des meubles en carton, pour le plaisir de la cr\u00e9ation et aussi pour donner une deuxi\u00e8me vie \u00e0 nos emballages !\"<br \/>\n<\/td>\n<\/tr>\n<tr class=\"row-2\">\n\t<td class=\"column-1\"><a href=\"http:\/\/www.amis-des-arts.fr\/wp-content\/uploads\/2015\/07\/eco-vannerie.jpg\"><img loading=\"lazy\" decoding=\"async\" src=\"http:\/\/www.amis-des-arts.fr\/wp-content\/uploads\/2015\/07\/eco-vannerie-150x150.jpg\" alt=\"\" width=\"150\" height=\"150\" class=\"aligncenter size-thumbnail wp-image-1812\" \/><\/a><\/td><td class=\"column-2\">Sylvie B\u00e9got<br \/>\nL\u2019\u00e9co-vannerie est une nouvelle mani\u00e8re de pratiquer la vannerie avec des mat\u00e9riaux comme les vieux journaux. Sylvie B\u00e9got vous montre comment pratiquer cette activit\u00e9 ancestrale qu\u2019est la vannerie sans d\u00e9penser un centime, ou presque.<br \/>\n<\/td>\n<\/tr>\n<tr class=\"row-3\">\n\t<td class=\"column-1\"><a href=\"http:\/\/www.amis-des-arts.fr\/wp-content\/uploads\/2015\/07\/origami.jpg\"><img loading=\"lazy\" decoding=\"async\" src=\"http:\/\/www.amis-des-arts.fr\/wp-content\/uploads\/2015\/07\/origami-150x150.jpg\" alt=\"\" width=\"150\" height=\"150\" class=\"aligncenter size-thumbnail wp-image-1813\" \/><\/a><\/td><td class=\"column-2\">M\u00e9lanie Mika\u00eblian<br \/>\nJe r\u00e9alise des bijoux en papier japonais comme  des boucles d\u2019oreilles, dont certaines avec des pierres naturelles, mais aussi des pendentifs. Toujours en papier japonais j\u2019ai mont\u00e9 des guirlandes lumineuses et des mobiles.<br \/>\n<\/td>\n<\/tr>\n<tr class=\"row-4\">\n\t<td class=\"column-1\"><a href=\"http:\/\/www.amis-des-arts.fr\/wp-content\/uploads\/2015\/07\/Sofie-Melnick2.jpg\"><img loading=\"lazy\" decoding=\"async\" src=\"http:\/\/www.amis-des-arts.fr\/wp-content\/uploads\/2015\/07\/Sofie-Melnick2-150x150.jpg\" alt=\"\" width=\"150\" height=\"150\" class=\"aligncenter size-thumbnail wp-image-1810\" \/><\/a><\/td><td class=\"column-2\">Sofie Melnick<br \/>\nJ\u2019aime \u00e0 dompter le papier, il me r\u00e9serve toujours des surprises lorsque je le travaille pour lui donner vie, sous forme de volumes en utilisant la technique du papier m\u00e2ch\u00e9. <br \/>\n<\/td>\n<\/tr>\n<\/tbody>\n<\/table>\n<!-- #tablepress-14 from cache -->\n","protected":false},"excerpt":{"rendered":"<p>44e SALON DES AMIS DES ARTS DE VOIRON Peinture \u00a0&#8211; Sculptures Invit\u00e9 d&rsquo;honneur : TANG Salle des F\u00eates de Voiron Du 8 au 18 avril 2015 Ouvert tous les jours, de 14h \u00e0 19h Avec dans le hall d\u2019entr\u00e9e : Exposition : \u0153uvres de papier et de carton Plus de 80 artistes pr\u00e9senteront leurs \u0153uvres &hellip; <a href=\"http:\/\/www.amis-des-arts.fr\/?page_id=1204\" class=\"more-link\">Continuer la lecture de <span class=\"screen-reader-text\">Salon 2015<\/span>  <span class=\"meta-nav\">&rarr;<\/span><\/a><\/p>\n","protected":false},"author":1,"featured_media":0,"parent":0,"menu_order":0,"comment_status":"closed","ping_status":"closed","template":"","meta":{"ngg_post_thumbnail":0,"footnotes":""},"class_list":["post-1204","page","type-page","status-publish","hentry"],"_links":{"self":[{"href":"http:\/\/www.amis-des-arts.fr\/index.php?rest_route=\/wp\/v2\/pages\/1204","targetHints":{"allow":["GET"]}}],"collection":[{"href":"http:\/\/www.amis-des-arts.fr\/index.php?rest_route=\/wp\/v2\/pages"}],"about":[{"href":"http:\/\/www.amis-des-arts.fr\/index.php?rest_route=\/wp\/v2\/types\/page"}],"author":[{"embeddable":true,"href":"http:\/\/www.amis-des-arts.fr\/index.php?rest_route=\/wp\/v2\/users\/1"}],"replies":[{"embeddable":true,"href":"http:\/\/www.amis-des-arts.fr\/index.php?rest_route=%2Fwp%2Fv2%2Fcomments&post=1204"}],"version-history":[{"count":12,"href":"http:\/\/www.amis-des-arts.fr\/index.php?rest_route=\/wp\/v2\/pages\/1204\/revisions"}],"predecessor-version":[{"id":1816,"href":"http:\/\/www.amis-des-arts.fr\/index.php?rest_route=\/wp\/v2\/pages\/1204\/revisions\/1816"}],"wp:attachment":[{"href":"http:\/\/www.amis-des-arts.fr\/index.php?rest_route=%2Fwp%2Fv2%2Fmedia&parent=1204"}],"curies":[{"name":"wp","href":"https:\/\/api.w.org\/{rel}","templated":true}]}}